{"id":5186,"date":"2002-07-10T00:00:00","date_gmt":"2002-07-10T00:00:00","guid":{"rendered":"https:\/\/miners.rocks\/product\/calcit-xx-bleiberg\/"},"modified":"2020-05-19T17:03:48","modified_gmt":"2020-05-19T17:03:48","slug":"calcit-xx-montagne-de-plomb","status":"publish","type":"product","link":"https:\/\/westgem.shop\/fr\/produit\/calcit-xx-montagne-de-plomb\/","title":{"rendered":"CALCIT xx - BLEIBERG"},"content":{"rendered":"<p>CALCIT \u00c9tape , de couleur jaun\u00e2tre - rhombo\u00e8dre avec hydroxyde de fer incorpor\u00e9.<\/p>\n<p>Superbe niveau d'occupation de la mine STEFANIE - BLEIBERG - Carinthie<\/p>\n<p>Poids : 1,3 KILOGRAMME Dimensions : 15 x 15 x 6 cm<\/p>\n<p>La derni\u00e8re image est la face inf\u00e9rieure.<\/p>","protected":false},"excerpt":{"rendered":"<p>Niveau CALCITE , de couleur jaun\u00e2tre - rhombo\u00e8dre avec hydroxyde de fer incorpor\u00e9. Superbe niveau de preuve Mine STEFANIE - BLEIBERG - Carinthie Poids : 1,3 KILOGRAMME Dimensions : 15 x 15 x 6 cm La derni\u00e8re photo est la face inf\u00e9rieure.<\/p>","protected":false},"featured_media":5187,"template":"","meta":{"_acf_changed":false},"region":[],"product_brand":[],"product_cat":[15],"product_tag":[],"class_list":{"0":"post-5186","1":"product","2":"type-product","3":"status-publish","4":"has-post-thumbnail","6":"product_cat-mineralien","8":"first","9":"outofstock","10":"sold-individually","11":"product-type-simple"},"acf":[],"_links":{"self":[{"href":"https:\/\/westgem.shop\/fr\/wp-json\/wp\/v2\/product\/5186","targetHints":{"allow":["GET"]}}],"collection":[{"href":"https:\/\/westgem.shop\/fr\/wp-json\/wp\/v2\/product"}],"about":[{"href":"https:\/\/westgem.shop\/fr\/wp-json\/wp\/v2\/types\/product"}],"wp:featuredmedia":[{"embeddable":true,"href":"https:\/\/westgem.shop\/fr\/wp-json\/wp\/v2\/media\/5187"}],"wp:attachment":[{"href":"https:\/\/westgem.shop\/fr\/wp-json\/wp\/v2\/media?parent=5186"}],"wp:term":[{"taxonomy":"region","embeddable":true,"href":"https:\/\/westgem.shop\/fr\/wp-json\/wp\/v2\/region?post=5186"},{"taxonomy":"product_brand","embeddable":true,"href":"https:\/\/westgem.shop\/fr\/wp-json\/wp\/v2\/product_brand?post=5186"},{"taxonomy":"product_cat","embeddable":true,"href":"https:\/\/westgem.shop\/fr\/wp-json\/wp\/v2\/product_cat?post=5186"},{"taxonomy":"product_tag","embeddable":true,"href":"https:\/\/westgem.shop\/fr\/wp-json\/wp\/v2\/product_tag?post=5186"}],"curies":[{"name":"wp","href":"https:\/\/api.w.org\/{rel}","templated":true}]}}