{"id":5192,"date":"2002-07-11T00:00:00","date_gmt":"2002-07-11T00:00:00","guid":{"rendered":"https:\/\/miners.rocks\/product\/versteinerte-koralle-150-mio-jahre\/"},"modified":"2020-05-19T17:03:49","modified_gmt":"2020-05-19T17:03:49","slug":"corail-fossilise-150-millions-dannees","status":"publish","type":"product","link":"https:\/\/westgem.shop\/fr\/produit\/corail-fossilise-150-millions-dannees\/","title":{"rendered":"CORALE fossilis\u00e9 - 150 millions d'ann\u00e9es"},"content":{"rendered":"<p>CORALE PER\u00c7U de premi\u00e8re qualit\u00e9 - datant d'environ 150 millions d'ann\u00e9es<\/p>\n<p>Surface polie - motifs et structures superbes - id\u00e9al comme DECORATION pour un salon ou un bureau !<\/p>\n<p>CORALLE \" Phillipsastea cf. ananas - \u00c2ge de la terre MOYEN DEVON<\/p>\n<p>localisation de la trouvaille : Guelmim - AFRIQUE DU NORD<\/p>\n<p>Poids : 7,8 KILOGRAMME Dim.:27 x 22 x 12 cm<\/p>\n<p>La derni\u00e8re image montre l'envers de la nature.<\/p>","protected":false},"excerpt":{"rendered":"<p>CORALLE PRESTIGIEUX - environ 150 millions d'ann\u00e9es Polie en surface - superbes motifs et structures - tr\u00e8s belle d\u00e9coration pour un salon ou un bureau ! CORALLE \" Phillipsastea cf. ananas - \u00e8re g\u00e9ologique MEDIUM DEVON Lieu de d\u00e9couverte : Guelmim - AFRIQUE DU NORD Poids : 7,8 KILOGRAMME Dim.:27 x 22 x 12 cm La derni\u00e8re photo montre [...]<\/p>","protected":false},"featured_media":5193,"template":"","meta":{"_acf_changed":false},"region":[],"product_brand":[],"product_cat":[15],"product_tag":[],"class_list":{"0":"post-5192","1":"product","2":"type-product","3":"status-publish","4":"has-post-thumbnail","6":"product_cat-mineralien","8":"first","9":"outofstock","10":"sold-individually","11":"product-type-simple"},"acf":[],"_links":{"self":[{"href":"https:\/\/westgem.shop\/fr\/wp-json\/wp\/v2\/product\/5192","targetHints":{"allow":["GET"]}}],"collection":[{"href":"https:\/\/westgem.shop\/fr\/wp-json\/wp\/v2\/product"}],"about":[{"href":"https:\/\/westgem.shop\/fr\/wp-json\/wp\/v2\/types\/product"}],"wp:featuredmedia":[{"embeddable":true,"href":"https:\/\/westgem.shop\/fr\/wp-json\/wp\/v2\/media\/5193"}],"wp:attachment":[{"href":"https:\/\/westgem.shop\/fr\/wp-json\/wp\/v2\/media?parent=5192"}],"wp:term":[{"taxonomy":"region","embeddable":true,"href":"https:\/\/westgem.shop\/fr\/wp-json\/wp\/v2\/region?post=5192"},{"taxonomy":"product_brand","embeddable":true,"href":"https:\/\/westgem.shop\/fr\/wp-json\/wp\/v2\/product_brand?post=5192"},{"taxonomy":"product_cat","embeddable":true,"href":"https:\/\/westgem.shop\/fr\/wp-json\/wp\/v2\/product_cat?post=5192"},{"taxonomy":"product_tag","embeddable":true,"href":"https:\/\/westgem.shop\/fr\/wp-json\/wp\/v2\/product_tag?post=5192"}],"curies":[{"name":"wp","href":"https:\/\/api.w.org\/{rel}","templated":true}]}}