{"id":5198,"date":"2002-07-12T00:00:00","date_gmt":"2002-07-12T00:00:00","guid":{"rendered":"https:\/\/miners.rocks\/product\/wulfenit-xx-in-bleidruse\/"},"modified":"2020-05-19T17:03:49","modified_gmt":"2020-05-19T17:03:49","slug":"wulfenit-xx-en-bleidruse","status":"publish","type":"product","link":"https:\/\/westgem.shop\/fr\/produit\/wulfenit-xx-en-bleidruse\/","title":{"rendered":"WULFENIT xx dans BLEIDRUSE"},"content":{"rendered":"<p>Un niveau de WULFENIT tr\u00e8s EXCEPTIONNEL !<\/p>\n<p>Cristaux de WULFENIT de couleur orange, en plaques \u00e9paisses, dans une demi-RUSE DE POLICE - GALENITE<\/p>\n<p>De la c\u00e9l\u00e8bre mine de PLOMB et de ZINC de MIZICE - SLOV\u00c9NIE<\/p>\n<p>Poids : 1,6 KILOGRAMME Dimensions : 14 x 11 x 7 cm<\/p>","protected":false},"excerpt":{"rendered":"<p>Tr\u00e8s EXCEPTIONNEL niveau de WULFENIT ! Cristaux de WULFENIT de couleur orange, \u00e0 tabulation \u00e9paisse, dans une demi BLEIDRUSE - GALENITE Provenant de la c\u00e9l\u00e8bre mine de BLEI et de ZINC de MIZICE - SLOVENIE Poids : 1,6 KILOGRAMME Dimensions : 14 x 11 x 7 cm<\/p>","protected":false},"featured_media":5199,"template":"","meta":{"_acf_changed":false},"region":[],"product_brand":[],"product_cat":[15],"product_tag":[],"class_list":{"0":"post-5198","1":"product","2":"type-product","3":"status-publish","4":"has-post-thumbnail","6":"product_cat-mineralien","8":"first","9":"outofstock","10":"sold-individually","11":"product-type-simple"},"acf":[],"_links":{"self":[{"href":"https:\/\/westgem.shop\/fr\/wp-json\/wp\/v2\/product\/5198","targetHints":{"allow":["GET"]}}],"collection":[{"href":"https:\/\/westgem.shop\/fr\/wp-json\/wp\/v2\/product"}],"about":[{"href":"https:\/\/westgem.shop\/fr\/wp-json\/wp\/v2\/types\/product"}],"wp:featuredmedia":[{"embeddable":true,"href":"https:\/\/westgem.shop\/fr\/wp-json\/wp\/v2\/media\/5199"}],"wp:attachment":[{"href":"https:\/\/westgem.shop\/fr\/wp-json\/wp\/v2\/media?parent=5198"}],"wp:term":[{"taxonomy":"region","embeddable":true,"href":"https:\/\/westgem.shop\/fr\/wp-json\/wp\/v2\/region?post=5198"},{"taxonomy":"product_brand","embeddable":true,"href":"https:\/\/westgem.shop\/fr\/wp-json\/wp\/v2\/product_brand?post=5198"},{"taxonomy":"product_cat","embeddable":true,"href":"https:\/\/westgem.shop\/fr\/wp-json\/wp\/v2\/product_cat?post=5198"},{"taxonomy":"product_tag","embeddable":true,"href":"https:\/\/westgem.shop\/fr\/wp-json\/wp\/v2\/product_tag?post=5198"}],"curies":[{"name":"wp","href":"https:\/\/api.w.org\/{rel}","templated":true}]}}