{"id":5212,"date":"2002-07-15T00:00:00","date_gmt":"2002-07-15T00:00:00","guid":{"rendered":"https:\/\/miners.rocks\/product\/achat-platte-uruguay\/"},"modified":"2020-05-19T17:03:51","modified_gmt":"2020-05-19T17:03:51","slug":"achat-plaque-uruguay","status":"publish","type":"product","link":"https:\/\/westgem.shop\/fr\/produit\/achat-plaque-uruguay\/","title":{"rendered":"Plaque ACHAT - URUGUAY"},"content":{"rendered":"<p>Grande plaque ACHAT, polie des deux c\u00f4t\u00e9s.<\/p>\n<p>COULEUR NATURELLE !  Les bords noirs sont en CHALCEDON ONYX - int\u00e9rieur en CRISTAL DE MONTAGNE.<\/p>\n<p>Ces belles ACHATE proviennent d'ARTIGAS - URUGUAY<\/p>\n<p>Poids : 320 g Dimensions : 20 x 15 cm \u00c9paisseur : 1 cm.<\/p>","protected":false},"excerpt":{"rendered":"<p>Grande plaque ACHAT, polie des deux c\u00f4t\u00e9s. COULEUR NATURELLE ! Les bords noirs sont CHALCEDON ONYX - Int\u00e9rieur CRISTAL DE MONTAGNE. Ces belles ACHATES proviennent d'ARTIGAS - URUGUAY Poids : 320 g Dimensions : 20 x 15 cm Epaisseur 1 cm.<\/p>","protected":false},"featured_media":5213,"template":"","meta":{"_acf_changed":false},"region":[],"product_brand":[],"product_cat":[15],"product_tag":[],"class_list":{"0":"post-5212","1":"product","2":"type-product","3":"status-publish","4":"has-post-thumbnail","6":"product_cat-mineralien","8":"first","9":"outofstock","10":"sold-individually","11":"product-type-simple"},"acf":[],"_links":{"self":[{"href":"https:\/\/westgem.shop\/fr\/wp-json\/wp\/v2\/product\/5212","targetHints":{"allow":["GET"]}}],"collection":[{"href":"https:\/\/westgem.shop\/fr\/wp-json\/wp\/v2\/product"}],"about":[{"href":"https:\/\/westgem.shop\/fr\/wp-json\/wp\/v2\/types\/product"}],"wp:featuredmedia":[{"embeddable":true,"href":"https:\/\/westgem.shop\/fr\/wp-json\/wp\/v2\/media\/5213"}],"wp:attachment":[{"href":"https:\/\/westgem.shop\/fr\/wp-json\/wp\/v2\/media?parent=5212"}],"wp:term":[{"taxonomy":"region","embeddable":true,"href":"https:\/\/westgem.shop\/fr\/wp-json\/wp\/v2\/region?post=5212"},{"taxonomy":"product_brand","embeddable":true,"href":"https:\/\/westgem.shop\/fr\/wp-json\/wp\/v2\/product_brand?post=5212"},{"taxonomy":"product_cat","embeddable":true,"href":"https:\/\/westgem.shop\/fr\/wp-json\/wp\/v2\/product_cat?post=5212"},{"taxonomy":"product_tag","embeddable":true,"href":"https:\/\/westgem.shop\/fr\/wp-json\/wp\/v2\/product_tag?post=5212"}],"curies":[{"name":"wp","href":"https:\/\/api.w.org\/{rel}","templated":true}]}}