{"id":5219,"date":"2002-07-17T00:00:00","date_gmt":"2002-07-17T00:00:00","guid":{"rendered":"https:\/\/miners.rocks\/product\/achat-platte-uruguay-2\/"},"modified":"2020-05-19T17:03:52","modified_gmt":"2020-05-19T17:03:52","slug":"achat-plaque-uruguay-2","status":"publish","type":"product","link":"https:\/\/westgem.shop\/fr\/produit\/achat-plaque-uruguay-2\/","title":{"rendered":"Plaque ACHAT - URUGUAY"},"content":{"rendered":"<p>Superbe grande plaque ACHAT - NON FRAIS\u00c9E !<\/p>\n<p>Bord noir ONYX CHALCEDON - cro\u00fbte d'alt\u00e9ration blanche \u00e0 l'ext\u00e9rieur - myst\u00e9rieux motifs ondul\u00e9s \u00e0 l'int\u00e9rieur - SUPERBE avec r\u00e9tro-\u00e9clairage. !<\/p>\n<p>Cette magnifique ACHATE a \u00e9t\u00e9 trouv\u00e9e dans la r\u00e9gion d'ARTIGAS en URUGUAY.<\/p>\n<p>La plaque est polie des deux c\u00f4t\u00e9s. Dimensions : 22,5 x 17,5 cm \u00c9paisseur : 0,8 cm<\/p>\n<p>Poids : 0,5 kilogramme = 500 g<\/p>","protected":false},"excerpt":{"rendered":"<p>Superbe grande plaque ACHAT - NON FEUILL\u00c9E ! Bord noir ONYX CHALCEDON - cro\u00fbte d'alt\u00e9ration blanche \u00e0 l'ext\u00e9rieur - myst\u00e9rieux motifs ondul\u00e9s \u00e0 l'int\u00e9rieur - SUPERBE avec r\u00e9tro-\u00e9clairage. ! Le lieu de d\u00e9couverte de cette superbe ACHATE est la r\u00e9gion d'ARTIGAS en URUGUAY La plaque est polie des deux c\u00f4t\u00e9s. Dimensions : 22,5 x 17,5 cm \u00c9paisseur : 0,8 cm Poids : 0,5 kilogramme = 500 g<\/p>","protected":false},"featured_media":5220,"template":"","meta":{"_acf_changed":false},"region":[],"product_brand":[],"product_cat":[15],"product_tag":[],"class_list":{"0":"post-5219","1":"product","2":"type-product","3":"status-publish","4":"has-post-thumbnail","6":"product_cat-mineralien","8":"first","9":"outofstock","10":"sold-individually","11":"product-type-simple"},"acf":[],"_links":{"self":[{"href":"https:\/\/westgem.shop\/fr\/wp-json\/wp\/v2\/product\/5219","targetHints":{"allow":["GET"]}}],"collection":[{"href":"https:\/\/westgem.shop\/fr\/wp-json\/wp\/v2\/product"}],"about":[{"href":"https:\/\/westgem.shop\/fr\/wp-json\/wp\/v2\/types\/product"}],"wp:featuredmedia":[{"embeddable":true,"href":"https:\/\/westgem.shop\/fr\/wp-json\/wp\/v2\/media\/5220"}],"wp:attachment":[{"href":"https:\/\/westgem.shop\/fr\/wp-json\/wp\/v2\/media?parent=5219"}],"wp:term":[{"taxonomy":"region","embeddable":true,"href":"https:\/\/westgem.shop\/fr\/wp-json\/wp\/v2\/region?post=5219"},{"taxonomy":"product_brand","embeddable":true,"href":"https:\/\/westgem.shop\/fr\/wp-json\/wp\/v2\/product_brand?post=5219"},{"taxonomy":"product_cat","embeddable":true,"href":"https:\/\/westgem.shop\/fr\/wp-json\/wp\/v2\/product_cat?post=5219"},{"taxonomy":"product_tag","embeddable":true,"href":"https:\/\/westgem.shop\/fr\/wp-json\/wp\/v2\/product_tag?post=5219"}],"curies":[{"name":"wp","href":"https:\/\/api.w.org\/{rel}","templated":true}]}}