{"id":522,"date":"2000-02-26T00:00:00","date_gmt":"2000-02-26T00:00:00","guid":{"rendered":"https:\/\/miners.rocks\/product\/92\/"},"modified":"2020-05-19T16:55:38","modified_gmt":"2020-05-19T16:55:38","slug":"baryte-xx-malachite-xx","status":"publish","type":"product","link":"https:\/\/westgem.shop\/fr\/produit\/baryte-xx-malachite-xx\/","title":{"rendered":"BARYT xx Malachite xx"},"content":{"rendered":"<p>Grande marche avec beaucoup de cristaux provenant d'une exploitation d\u00e9j\u00e0 abandonn\u00e9e au Maroc<\/p>\n<p>BARYT xx avec malachite xx sur roche dolomitique limonis\u00e9e<\/p>\n<p>AOULI Bassin minier - Montagnes de l'Atlas - Afrique du Nord<\/p>\n<p><u>Poids : 1.50 kg Dimensions : 15 x 12 x 8 cm<\/u><\/p>","protected":false},"excerpt":{"rendered":"<p>Grand palier avec beaucoup de cristaux provenant d'une exploitation d\u00e9j\u00e0 abandonn\u00e9e au Maroc BARYT xx avec malachite xx sur roche dolomitique limonis\u00e9e AOULI Bassin minier - montagnes de l'Atlas - Afrique du Nord Poids : 1.50 kg Dimensions : 15 x 12 x 8 cm<\/p>","protected":false},"featured_media":523,"template":"","meta":{"_acf_changed":false},"region":[],"product_brand":[],"product_cat":[15],"product_tag":[],"class_list":{"0":"post-522","1":"product","2":"type-product","3":"status-publish","4":"has-post-thumbnail","6":"product_cat-mineralien","8":"first","9":"outofstock","10":"sold-individually","11":"product-type-simple"},"acf":[],"_links":{"self":[{"href":"https:\/\/westgem.shop\/fr\/wp-json\/wp\/v2\/product\/522","targetHints":{"allow":["GET"]}}],"collection":[{"href":"https:\/\/westgem.shop\/fr\/wp-json\/wp\/v2\/product"}],"about":[{"href":"https:\/\/westgem.shop\/fr\/wp-json\/wp\/v2\/types\/product"}],"wp:featuredmedia":[{"embeddable":true,"href":"https:\/\/westgem.shop\/fr\/wp-json\/wp\/v2\/media\/523"}],"wp:attachment":[{"href":"https:\/\/westgem.shop\/fr\/wp-json\/wp\/v2\/media?parent=522"}],"wp:term":[{"taxonomy":"region","embeddable":true,"href":"https:\/\/westgem.shop\/fr\/wp-json\/wp\/v2\/region?post=522"},{"taxonomy":"product_brand","embeddable":true,"href":"https:\/\/westgem.shop\/fr\/wp-json\/wp\/v2\/product_brand?post=522"},{"taxonomy":"product_cat","embeddable":true,"href":"https:\/\/westgem.shop\/fr\/wp-json\/wp\/v2\/product_cat?post=522"},{"taxonomy":"product_tag","embeddable":true,"href":"https:\/\/westgem.shop\/fr\/wp-json\/wp\/v2\/product_tag?post=522"}],"curies":[{"name":"wp","href":"https:\/\/api.w.org\/{rel}","templated":true}]}}