{"id":5228,"date":"2002-07-19T00:00:00","date_gmt":"2002-07-19T00:00:00","guid":{"rendered":"https:\/\/miners.rocks\/product\/rosenquarz-roh-aa-madagaskar\/"},"modified":"2020-05-19T17:03:54","modified_gmt":"2020-05-19T17:03:54","slug":"quartz-rose-brut-aa-madagascar","status":"publish","type":"product","link":"https:\/\/westgem.shop\/fr\/produit\/quartz-rose-brut-aa-madagascar\/","title":{"rendered":"QUARTZ ROSE BRUT - AA - Madagascar"},"content":{"rendered":"<p>TOP QUARTZ ROSE de Madagascar - Brut - Naturel<\/p>\n<p>Tr\u00e8s bonne couleur - Transparent Qualit\u00e9 AA<\/p>\n<p>La pierre n'a PAS \u00e9t\u00e9 mouill\u00e9e ni huil\u00e9e lors de la prise de vue. Seul QUI'IGE pour cent des quartz roses trouv\u00e9s ont de telles qualit\u00e9s.<\/p>\n<p>Mine d'Ambojabao - Province d'Antananarivo - Madagascar<\/p>\n<p>Poids : 1,18 kilogramme Dimensions : 14 x 11 x 8 cm<\/p>","protected":false},"excerpt":{"rendered":"<p>TOP QUARTZ ROSE DE MADAGASCAR - Brut - Naturel Tr\u00e8s bonne couleur - Transparent Qualit\u00e9 AA La pierre n'a PAS \u00e9t\u00e9 mouill\u00e9e ni huil\u00e9e lors de la prise de vue. Seulement QUI'IGE pour cent des quartz roses trouv\u00e9s sont de TELLES qualit\u00e9s. Mine d'Ambojabao - Province d'Antananarivo - Madagascar Poids : 1,18 kilogramme Dimensions : 14 x 11 x 8 cm<\/p>","protected":false},"featured_media":5229,"template":"","meta":{"_acf_changed":false},"region":[],"product_brand":[],"product_cat":[15],"product_tag":[],"class_list":{"0":"post-5228","1":"product","2":"type-product","3":"status-publish","4":"has-post-thumbnail","6":"product_cat-mineralien","8":"first","9":"outofstock","10":"sold-individually","11":"product-type-simple"},"acf":[],"_links":{"self":[{"href":"https:\/\/westgem.shop\/fr\/wp-json\/wp\/v2\/product\/5228","targetHints":{"allow":["GET"]}}],"collection":[{"href":"https:\/\/westgem.shop\/fr\/wp-json\/wp\/v2\/product"}],"about":[{"href":"https:\/\/westgem.shop\/fr\/wp-json\/wp\/v2\/types\/product"}],"wp:featuredmedia":[{"embeddable":true,"href":"https:\/\/westgem.shop\/fr\/wp-json\/wp\/v2\/media\/5229"}],"wp:attachment":[{"href":"https:\/\/westgem.shop\/fr\/wp-json\/wp\/v2\/media?parent=5228"}],"wp:term":[{"taxonomy":"region","embeddable":true,"href":"https:\/\/westgem.shop\/fr\/wp-json\/wp\/v2\/region?post=5228"},{"taxonomy":"product_brand","embeddable":true,"href":"https:\/\/westgem.shop\/fr\/wp-json\/wp\/v2\/product_brand?post=5228"},{"taxonomy":"product_cat","embeddable":true,"href":"https:\/\/westgem.shop\/fr\/wp-json\/wp\/v2\/product_cat?post=5228"},{"taxonomy":"product_tag","embeddable":true,"href":"https:\/\/westgem.shop\/fr\/wp-json\/wp\/v2\/product_tag?post=5228"}],"curies":[{"name":"wp","href":"https:\/\/api.w.org\/{rel}","templated":true}]}}