{"id":5233,"date":"2002-07-20T00:00:00","date_gmt":"2002-07-20T00:00:00","guid":{"rendered":"https:\/\/miners.rocks\/product\/wulfenit-xx-von-der-typlokalitaet-2\/"},"modified":"2020-05-19T17:03:54","modified_gmt":"2020-05-19T17:03:54","slug":"wulfenit-xx-de-la-localite-type-2","status":"publish","type":"product","link":"https:\/\/westgem.shop\/fr\/produit\/wulfenit-xx-de-la-localite-type-2\/","title":{"rendered":"WULFENIT xx - de la localit\u00e9 type"},"content":{"rendered":"<p>\u00c9tape WULFENIT avec BLEIERZ <u>de la TYPLOCALIT\u00c9<\/u> BLEIBERG - Carinthie<\/p>\n<p>Premi\u00e8re description en 1783 par Franz Xaver Freiherr von WULFEN sous le nom de \"Bleyspat\" de Carinthie - ce min\u00e9ral a \u00e9t\u00e9 nomm\u00e9 plus tard, en 1841, d'apr\u00e8s WULFEN. WULFEN \u00e9tait un j\u00e9suite, botaniste et min\u00e9ralogiste. Il a \u00e9galement donn\u00e9 son nom \u00e0 une plante rare qui ne pousse que dans la r\u00e9gion de l'Himalaya et dans le champ humide de Carinthie, la WULFENIA.<\/p>\n<p>De l'ancienne collection - WULFENIT = cristaux de minerai de plomb jaune (molybd\u00e8ne-plomb) - plaques de couleur orange - sur BLEIERZ et calcaire de m\u00e9t\u00e9orite blanchi de la mine STEFANIE<\/p>\n<p>BLEIBERGER WULFENIT de premi\u00e8re classe Niveau - <\/p>\n<p>TOP RARITAIRE !   <\/p>\n<p><u>PRIX SP\u00c9CIAL COLLECTIONNEUR !<\/u><\/p>\n<p>Les fournisseurs am\u00e9ricains n\u00e9gocient de tels WULFENITE de Bleiberg entre 500 et 1.000 dollars !<\/p>\n<p>Poids : 640 g Dimensions : 9,5 x 8 x 7 cm<\/p>","protected":false},"excerpt":{"rendered":"<p>WULFENIT \u00c9tape avec BLEIERZ de la TYPLOCALIT\u00c9 BLEIBERG - Carinthie Premi\u00e8re description en 1783 par Franz Xaver Freiherr von WULFEN comme \"Bleyspat\" de Carinthie - ce min\u00e9ral a \u00e9t\u00e9 nomm\u00e9 plus tard, en 1841, d'apr\u00e8s WULFEN. WULFEN \u00e9tait un j\u00e9suite, botaniste et min\u00e9ralogiste. Une plante rare qui ne pousse que dans la r\u00e9gion de l'Himalaya et dans le champ mouill\u00e9 de Carinthie, la WULFENIA, a \u00e9galement \u00e9t\u00e9 [...].<\/p>","protected":false},"featured_media":5234,"template":"","meta":{"_acf_changed":false},"region":[],"product_brand":[],"product_cat":[15],"product_tag":[],"class_list":{"0":"post-5233","1":"product","2":"type-product","3":"status-publish","4":"has-post-thumbnail","6":"product_cat-mineralien","8":"first","9":"outofstock","10":"sold-individually","11":"product-type-simple"},"acf":[],"_links":{"self":[{"href":"https:\/\/westgem.shop\/fr\/wp-json\/wp\/v2\/product\/5233","targetHints":{"allow":["GET"]}}],"collection":[{"href":"https:\/\/westgem.shop\/fr\/wp-json\/wp\/v2\/product"}],"about":[{"href":"https:\/\/westgem.shop\/fr\/wp-json\/wp\/v2\/types\/product"}],"wp:featuredmedia":[{"embeddable":true,"href":"https:\/\/westgem.shop\/fr\/wp-json\/wp\/v2\/media\/5234"}],"wp:attachment":[{"href":"https:\/\/westgem.shop\/fr\/wp-json\/wp\/v2\/media?parent=5233"}],"wp:term":[{"taxonomy":"region","embeddable":true,"href":"https:\/\/westgem.shop\/fr\/wp-json\/wp\/v2\/region?post=5233"},{"taxonomy":"product_brand","embeddable":true,"href":"https:\/\/westgem.shop\/fr\/wp-json\/wp\/v2\/product_brand?post=5233"},{"taxonomy":"product_cat","embeddable":true,"href":"https:\/\/westgem.shop\/fr\/wp-json\/wp\/v2\/product_cat?post=5233"},{"taxonomy":"product_tag","embeddable":true,"href":"https:\/\/westgem.shop\/fr\/wp-json\/wp\/v2\/product_tag?post=5233"}],"curies":[{"name":"wp","href":"https:\/\/api.w.org\/{rel}","templated":true}]}}