{"id":5241,"date":"2002-07-21T00:00:00","date_gmt":"2002-07-21T00:00:00","guid":{"rendered":"https:\/\/miners.rocks\/product\/lapislazuli-lasurit-chile\/"},"modified":"2020-05-19T17:03:55","modified_gmt":"2020-05-19T17:03:55","slug":"lapis-lazuli-lasurit-chile","status":"publish","type":"product","link":"https:\/\/westgem.shop\/fr\/produit\/lapis-lazuli-lasurit-chile\/","title":{"rendered":"LAPIS-LAZULI - LASURIT- CHILE"},"content":{"rendered":"<p>En Europe, LAPISLAZULI est presque exclusivement per\u00e7u comme provenant d'Afghanistan.<\/p>\n<p>Mais il existe un site non moins connu en Am\u00e9rique du Sud, o\u00f9 cette fameuse pierre pr\u00e9cieuse est \u00e9galement exploit\u00e9e depuis des si\u00e8cles.<\/p>\n<p>L'\"OR BLEU des ANDES\" est \u00e9galement la pierre nationale du CHILI.<\/p>\n<p>Les parties de LASURITE BLEUE intense sont situ\u00e9es dans de la WOLLASTONITE grise avec un peu de CALCITE blanche et quelques \u00e9clats de PYRITE.<\/p>\n<p>Le LAPIS D'ANDEN se trouve \u00e0 OVALLE - province de LINAO - l'extraction se fait \u00e0 plus de 3.600 m\u00e8tres d'altitude.<\/p>\n<p>Poids : 140 g Dimensions : 6 x 4 x 3,5 cm<\/p>","protected":false},"excerpt":{"rendered":"<p>En Europe, le LAPISLAZULI est presque exclusivement associ\u00e9 au site afghan. Mais il existe un site non moins connu en Am\u00e9rique du Sud, o\u00f9 cette fameuse pierre pr\u00e9cieuse est exploit\u00e9e depuis des si\u00e8cles. L'\"OR BLEU des ANDES\" est \u00e9galement la pierre nationale du CHILI. Les parties de LASURITE BLEUE intense sont plac\u00e9es dans de la WOLLASTONITE grise avec peu [...].<\/p>","protected":false},"featured_media":5242,"template":"","meta":{"_acf_changed":false},"region":[],"product_brand":[],"product_cat":[15],"product_tag":[],"class_list":{"0":"post-5241","1":"product","2":"type-product","3":"status-publish","4":"has-post-thumbnail","6":"product_cat-mineralien","8":"first","9":"outofstock","10":"sold-individually","11":"product-type-simple"},"acf":[],"_links":{"self":[{"href":"https:\/\/westgem.shop\/fr\/wp-json\/wp\/v2\/product\/5241","targetHints":{"allow":["GET"]}}],"collection":[{"href":"https:\/\/westgem.shop\/fr\/wp-json\/wp\/v2\/product"}],"about":[{"href":"https:\/\/westgem.shop\/fr\/wp-json\/wp\/v2\/types\/product"}],"wp:featuredmedia":[{"embeddable":true,"href":"https:\/\/westgem.shop\/fr\/wp-json\/wp\/v2\/media\/5242"}],"wp:attachment":[{"href":"https:\/\/westgem.shop\/fr\/wp-json\/wp\/v2\/media?parent=5241"}],"wp:term":[{"taxonomy":"region","embeddable":true,"href":"https:\/\/westgem.shop\/fr\/wp-json\/wp\/v2\/region?post=5241"},{"taxonomy":"product_brand","embeddable":true,"href":"https:\/\/westgem.shop\/fr\/wp-json\/wp\/v2\/product_brand?post=5241"},{"taxonomy":"product_cat","embeddable":true,"href":"https:\/\/westgem.shop\/fr\/wp-json\/wp\/v2\/product_cat?post=5241"},{"taxonomy":"product_tag","embeddable":true,"href":"https:\/\/westgem.shop\/fr\/wp-json\/wp\/v2\/product_tag?post=5241"}],"curies":[{"name":"wp","href":"https:\/\/api.w.org\/{rel}","templated":true}]}}