{"id":5248,"date":"2002-07-23T00:00:00","date_gmt":"2002-07-23T00:00:00","guid":{"rendered":"https:\/\/miners.rocks\/product\/wulfenit-xx-in-bleidruse-2\/"},"modified":"2020-05-19T17:03:56","modified_gmt":"2020-05-19T17:03:56","slug":"wulfenit-xx-en-bleidruse-2","status":"publish","type":"product","link":"https:\/\/westgem.shop\/fr\/produit\/wulfenit-xx-en-bleidruse-2\/","title":{"rendered":"WULFENIT xx dans BLEIDRUSE"},"content":{"rendered":"<p>Pi\u00e8ce exceptionnelle BLEIBERGER.....<\/p>\n<p>CRISTALES WULFENIT fusiformes, rouge orang\u00e9, dans une DROUSSE DE GALENITE BLEUE... on ne voit pas \u00e7a tous les jours non plus !<\/p>\n<p>De l'ancienne collection.<\/p>\n<p>Grube Franz Josef - Mines de plomb et de zinc BLEIBERG\/KREUTH<\/p>\n<p>Poids : 240 g Dimensions : 8 x 6 x 4 cm<\/p>\n<p>La derni\u00e8re image montre l'arri\u00e8re de la marche.<\/p>","protected":false},"excerpt":{"rendered":"<p>Pi\u00e8ce exceptionnelle BLEIBERGER..... CRISTALE WULFENIT fusiforme , rouge orang\u00e9 dans une DRUSE de GALENITE BLEU...on ne voit pas \u00e7a tous les jours non plus ! Provient d'une ancienne collection. Grube Franz Josef - Blei und Zinkbergbau BLEIBERG\/KREUTH Poids : 240 g Dimensions : 8 x 6 x 4 cm La derni\u00e8re photo montre l'arri\u00e8re de la marche.<\/p>","protected":false},"featured_media":5249,"template":"","meta":{"_acf_changed":false},"region":[],"product_brand":[],"product_cat":[15],"product_tag":[],"class_list":{"0":"post-5248","1":"product","2":"type-product","3":"status-publish","4":"has-post-thumbnail","6":"product_cat-mineralien","8":"first","9":"outofstock","10":"sold-individually","11":"product-type-simple"},"acf":[],"_links":{"self":[{"href":"https:\/\/westgem.shop\/fr\/wp-json\/wp\/v2\/product\/5248","targetHints":{"allow":["GET"]}}],"collection":[{"href":"https:\/\/westgem.shop\/fr\/wp-json\/wp\/v2\/product"}],"about":[{"href":"https:\/\/westgem.shop\/fr\/wp-json\/wp\/v2\/types\/product"}],"wp:featuredmedia":[{"embeddable":true,"href":"https:\/\/westgem.shop\/fr\/wp-json\/wp\/v2\/media\/5249"}],"wp:attachment":[{"href":"https:\/\/westgem.shop\/fr\/wp-json\/wp\/v2\/media?parent=5248"}],"wp:term":[{"taxonomy":"region","embeddable":true,"href":"https:\/\/westgem.shop\/fr\/wp-json\/wp\/v2\/region?post=5248"},{"taxonomy":"product_brand","embeddable":true,"href":"https:\/\/westgem.shop\/fr\/wp-json\/wp\/v2\/product_brand?post=5248"},{"taxonomy":"product_cat","embeddable":true,"href":"https:\/\/westgem.shop\/fr\/wp-json\/wp\/v2\/product_cat?post=5248"},{"taxonomy":"product_tag","embeddable":true,"href":"https:\/\/westgem.shop\/fr\/wp-json\/wp\/v2\/product_tag?post=5248"}],"curies":[{"name":"wp","href":"https:\/\/api.w.org\/{rel}","templated":true}]}}