{"id":5253,"date":"2002-07-24T00:00:00","date_gmt":"2002-07-24T00:00:00","guid":{"rendered":"https:\/\/miners.rocks\/product\/galenit-xx-baryt-xx-sphalerit-xx\/"},"modified":"2020-05-19T17:03:57","modified_gmt":"2020-05-19T17:03:57","slug":"galene-xx-baryte-xx-sphalerite-xx","status":"publish","type":"product","link":"https:\/\/westgem.shop\/fr\/produit\/galene-xx-baryte-xx-sphalerite-xx\/","title":{"rendered":"GALENIT xx BARYT xx SPHALERIT xx"},"content":{"rendered":"<p>Superbe marche BLEIBERG provenant d'une ancienne collection.<\/p>\n<p>octa\u00e8dre cubique BLEIGLANZ = GALENIT (RARE \u00e0 Bleiberg !) avec BARYT = SCHWERSPAT h\u00e9misph\u00e9rique blanc neige et SPHALERIT = ZINKBLENDE brune sur WETTERSTEINKALK<\/p>\n<p>Un d\u00e9fil\u00e9 de niveaux de documents de cette c\u00e9l\u00e8bre mine !<\/p>\n<p>Mine MAX - BLEIBERG\/KREUTH - Carinthie<\/p>\n<p>Poids de la marche : 1,1 kilogramme Dimensions : 14 x 11 x 10 cm<\/p>\n<p>Les photos 3 et 4 montrent le c\u00f4t\u00e9 WETTERSTEINKALK et le dessous de la marche.<\/p>","protected":false},"excerpt":{"rendered":"<p>Superbe marche BLEIBERG provenant d'une ancienne collection. Octa\u00e8dre cubique BLEIGLANZ = GALENIT (RARE \u00e0 Bleiberg !) avec BARYT = SCHWERSPAT h\u00e9misph\u00e9rique blanc neige et SPHALERIT = ZINKBLENDE brune sur WETTERSTEINKALK Un niveau t\u00e9moin de parade de cette fameuse mine ! Mine MAX - BLEIBERG\/KREUTH - Carinthie Poids de la marche : 1,1 kilogramme Dimensions : 14 x 11 x 10 cm Images [...].<\/p>","protected":false},"featured_media":5254,"template":"","meta":{"_acf_changed":false},"region":[],"product_brand":[],"product_cat":[15],"product_tag":[],"class_list":{"0":"post-5253","1":"product","2":"type-product","3":"status-publish","4":"has-post-thumbnail","6":"product_cat-mineralien","8":"first","9":"outofstock","10":"sold-individually","11":"product-type-simple"},"acf":[],"_links":{"self":[{"href":"https:\/\/westgem.shop\/fr\/wp-json\/wp\/v2\/product\/5253","targetHints":{"allow":["GET"]}}],"collection":[{"href":"https:\/\/westgem.shop\/fr\/wp-json\/wp\/v2\/product"}],"about":[{"href":"https:\/\/westgem.shop\/fr\/wp-json\/wp\/v2\/types\/product"}],"wp:featuredmedia":[{"embeddable":true,"href":"https:\/\/westgem.shop\/fr\/wp-json\/wp\/v2\/media\/5254"}],"wp:attachment":[{"href":"https:\/\/westgem.shop\/fr\/wp-json\/wp\/v2\/media?parent=5253"}],"wp:term":[{"taxonomy":"region","embeddable":true,"href":"https:\/\/westgem.shop\/fr\/wp-json\/wp\/v2\/region?post=5253"},{"taxonomy":"product_brand","embeddable":true,"href":"https:\/\/westgem.shop\/fr\/wp-json\/wp\/v2\/product_brand?post=5253"},{"taxonomy":"product_cat","embeddable":true,"href":"https:\/\/westgem.shop\/fr\/wp-json\/wp\/v2\/product_cat?post=5253"},{"taxonomy":"product_tag","embeddable":true,"href":"https:\/\/westgem.shop\/fr\/wp-json\/wp\/v2\/product_tag?post=5253"}],"curies":[{"name":"wp","href":"https:\/\/api.w.org\/{rel}","templated":true}]}}