{"id":5258,"date":"2002-07-25T00:00:00","date_gmt":"2002-07-25T00:00:00","guid":{"rendered":"https:\/\/miners.rocks\/product\/aragont-xx-bleiberg\/"},"modified":"2020-05-19T17:03:57","modified_gmt":"2020-05-19T17:03:57","slug":"aragont-xx-montagne-de-plomb","status":"publish","type":"product","link":"https:\/\/westgem.shop\/fr\/produit\/aragont-xx-montagne-de-plomb\/","title":{"rendered":"ARAGONT xx - BLEIBERG"},"content":{"rendered":"<p>Le min\u00e9ral ARAGONITE \u00e9tait plut\u00f4t rare \u00e0 BLEIBERG.<\/p>\n<p>Voici malgr\u00e9 tout une tr\u00e8s belle ARAGONITE en grappe sur matrice calcaire.<\/p>\n<p>Il n'a malheureusement pas \u00e9t\u00e9 possible de d\u00e9terminer dans laquelle des quelque 1 300 galeries et couloirs de la vaste mine de plomb et de zinc de BLEIBERG\/KREUTH cette pi\u00e8ce a \u00e9t\u00e9 trouv\u00e9e, mais il ne fait aucun doute qu'elle a \u00e9t\u00e9 trouv\u00e9e ici.<\/p>\n<p>Poids : 0,82 kilogramme Dimensions : 12 x 10 x 9 cm<\/p>","protected":false},"excerpt":{"rendered":"<p>Le min\u00e9ral ARAGONITE \u00e9tait plut\u00f4t rare \u00e0 BLEIBERG. Voici n\u00e9anmoins une tr\u00e8s belle aragonite en grappes sur matrice calcaire. Il n'a malheureusement pas \u00e9t\u00e9 possible de d\u00e9terminer dans laquelle des quelque 1 300 galeries et couloirs de la vaste mine de plomb et de zinc de BLEIBERG\/KREUTH cette pi\u00e8ce a \u00e9t\u00e9 trouv\u00e9e, mais il ne fait aucun doute qu'elle a \u00e9t\u00e9 trouv\u00e9e ici. Poids : 0,82 kilogramme Dimensions : 12 [...]<\/p>","protected":false},"featured_media":5259,"template":"","meta":{"_acf_changed":false},"region":[],"product_brand":[],"product_cat":[15],"product_tag":[],"class_list":{"0":"post-5258","1":"product","2":"type-product","3":"status-publish","4":"has-post-thumbnail","6":"product_cat-mineralien","8":"first","9":"outofstock","10":"sold-individually","11":"product-type-simple"},"acf":[],"_links":{"self":[{"href":"https:\/\/westgem.shop\/fr\/wp-json\/wp\/v2\/product\/5258","targetHints":{"allow":["GET"]}}],"collection":[{"href":"https:\/\/westgem.shop\/fr\/wp-json\/wp\/v2\/product"}],"about":[{"href":"https:\/\/westgem.shop\/fr\/wp-json\/wp\/v2\/types\/product"}],"wp:featuredmedia":[{"embeddable":true,"href":"https:\/\/westgem.shop\/fr\/wp-json\/wp\/v2\/media\/5259"}],"wp:attachment":[{"href":"https:\/\/westgem.shop\/fr\/wp-json\/wp\/v2\/media?parent=5258"}],"wp:term":[{"taxonomy":"region","embeddable":true,"href":"https:\/\/westgem.shop\/fr\/wp-json\/wp\/v2\/region?post=5258"},{"taxonomy":"product_brand","embeddable":true,"href":"https:\/\/westgem.shop\/fr\/wp-json\/wp\/v2\/product_brand?post=5258"},{"taxonomy":"product_cat","embeddable":true,"href":"https:\/\/westgem.shop\/fr\/wp-json\/wp\/v2\/product_cat?post=5258"},{"taxonomy":"product_tag","embeddable":true,"href":"https:\/\/westgem.shop\/fr\/wp-json\/wp\/v2\/product_tag?post=5258"}],"curies":[{"name":"wp","href":"https:\/\/api.w.org\/{rel}","templated":true}]}}