{"id":526,"date":"2000-02-27T00:00:00","date_gmt":"2000-02-27T00:00:00","guid":{"rendered":"https:\/\/miners.rocks\/product\/93\/"},"modified":"2020-05-19T16:55:38","modified_gmt":"2020-05-19T16:55:38","slug":"pyrite-xx-albit-xx-galene-xx","status":"publish","type":"product","link":"https:\/\/westgem.shop\/fr\/produit\/pyrite-xx-albit-xx-galene-xx\/","title":{"rendered":"Pyrite xx Albite xx Gal\u00e9nite xx"},"content":{"rendered":"<p>Marchepied de premi\u00e8re qualit\u00e9 avec des cristaux de sulfure de fer tr\u00e8s brillants, du feldspath blanc xx et du plomb noir xx.<\/p>\n<p>localisation de la trouvaille : Mine de Huanzala - Andes - P\u00e9rou<\/p>\n<p>Poids : 1,50 kg Dimensions : 13 x 12 x 7 cm<\/p>","protected":false},"excerpt":{"rendered":"<p>Marchepied de premi\u00e8re qualit\u00e9 avec des cristaux de pyrite de soufre tr\u00e8s brillants, du feldspath blanc xx et du plomb noir xx Trouv\u00e9 dans la mine de Huanzala - Andes - P\u00e9rou Poids : 1,50 kg Dimensions : 13 x 12 x 7 cm<\/p>","protected":false},"featured_media":527,"template":"","meta":{"_acf_changed":false},"region":[],"product_brand":[],"product_cat":[15],"product_tag":[],"class_list":{"0":"post-526","1":"product","2":"type-product","3":"status-publish","4":"has-post-thumbnail","6":"product_cat-mineralien","8":"first","9":"outofstock","10":"sold-individually","11":"product-type-simple"},"acf":[],"_links":{"self":[{"href":"https:\/\/westgem.shop\/fr\/wp-json\/wp\/v2\/product\/526","targetHints":{"allow":["GET"]}}],"collection":[{"href":"https:\/\/westgem.shop\/fr\/wp-json\/wp\/v2\/product"}],"about":[{"href":"https:\/\/westgem.shop\/fr\/wp-json\/wp\/v2\/types\/product"}],"wp:featuredmedia":[{"embeddable":true,"href":"https:\/\/westgem.shop\/fr\/wp-json\/wp\/v2\/media\/527"}],"wp:attachment":[{"href":"https:\/\/westgem.shop\/fr\/wp-json\/wp\/v2\/media?parent=526"}],"wp:term":[{"taxonomy":"region","embeddable":true,"href":"https:\/\/westgem.shop\/fr\/wp-json\/wp\/v2\/region?post=526"},{"taxonomy":"product_brand","embeddable":true,"href":"https:\/\/westgem.shop\/fr\/wp-json\/wp\/v2\/product_brand?post=526"},{"taxonomy":"product_cat","embeddable":true,"href":"https:\/\/westgem.shop\/fr\/wp-json\/wp\/v2\/product_cat?post=526"},{"taxonomy":"product_tag","embeddable":true,"href":"https:\/\/westgem.shop\/fr\/wp-json\/wp\/v2\/product_tag?post=526"}],"curies":[{"name":"wp","href":"https:\/\/api.w.org\/{rel}","templated":true}]}}