{"id":5263,"date":"2002-07-26T00:00:00","date_gmt":"2002-07-26T00:00:00","guid":{"rendered":"https:\/\/miners.rocks\/product\/bleiglanz-bleiberg\/"},"modified":"2020-05-19T17:03:58","modified_gmt":"2020-05-19T17:03:58","slug":"plomb-plomb-montagne","status":"publish","type":"product","link":"https:\/\/westgem.shop\/fr\/produit\/plomb-plomb-montagne\/","title":{"rendered":"PLOMB - MONTAGNE DE PLOMB"},"content":{"rendered":"<p>BLEIGLANZ de BLEIBERG - quelque peu appropri\u00e9. !<\/p>\n<p>Surfaces de fracture tr\u00e8s brillantes (malheureusement pas bien visibles sur les photos) du BLEIERZE = GALENIT - dit \"miroir de plomb\" avec BARYT = SCHWERSPAT blanc et petite CALCIT Var. KANONENSPAT<\/p>\n<p>Mine MAX - BLEIBERG\/KREUTH - Carinthie<\/p>\n<p>Poids exact 1 kilogramme de FLEUR !<\/p>\n<p>Dimensions : 12 x 6 x 6 cm - par rapport \u00e0 cette taille, un morceau d'un autre min\u00e9ral p\u00e8se \u00e0 peine 200 grammes !<\/p>","protected":false},"excerpt":{"rendered":"<p>BLEIGLANZ de BLEIBERG - quelque peu appropri\u00e9 ! Surfaces de fracture tr\u00e8s brillantes (malheureusement pas bien visibles sur les photos) du BLEIERZ = GALENIT - dit \"miroir de plomb\" avec BARYT blanc = SCHWERSPAT et petite CALCIT Var. KANONENSPAT Mine MAX - BLEIBERG\/KREUTH - Carinthie Poids tr\u00e8s exactement 1 kilogramme de BLEI ! Dimensions : 12 x 6 x 6 cm - en comparaison [...].<\/p>","protected":false},"featured_media":5264,"template":"","meta":{"_acf_changed":false},"region":[],"product_brand":[],"product_cat":[15],"product_tag":[],"class_list":{"0":"post-5263","1":"product","2":"type-product","3":"status-publish","4":"has-post-thumbnail","6":"product_cat-mineralien","8":"first","9":"outofstock","10":"sold-individually","11":"product-type-simple"},"acf":[],"_links":{"self":[{"href":"https:\/\/westgem.shop\/fr\/wp-json\/wp\/v2\/product\/5263","targetHints":{"allow":["GET"]}}],"collection":[{"href":"https:\/\/westgem.shop\/fr\/wp-json\/wp\/v2\/product"}],"about":[{"href":"https:\/\/westgem.shop\/fr\/wp-json\/wp\/v2\/types\/product"}],"wp:featuredmedia":[{"embeddable":true,"href":"https:\/\/westgem.shop\/fr\/wp-json\/wp\/v2\/media\/5264"}],"wp:attachment":[{"href":"https:\/\/westgem.shop\/fr\/wp-json\/wp\/v2\/media?parent=5263"}],"wp:term":[{"taxonomy":"region","embeddable":true,"href":"https:\/\/westgem.shop\/fr\/wp-json\/wp\/v2\/region?post=5263"},{"taxonomy":"product_brand","embeddable":true,"href":"https:\/\/westgem.shop\/fr\/wp-json\/wp\/v2\/product_brand?post=5263"},{"taxonomy":"product_cat","embeddable":true,"href":"https:\/\/westgem.shop\/fr\/wp-json\/wp\/v2\/product_cat?post=5263"},{"taxonomy":"product_tag","embeddable":true,"href":"https:\/\/westgem.shop\/fr\/wp-json\/wp\/v2\/product_tag?post=5263"}],"curies":[{"name":"wp","href":"https:\/\/api.w.org\/{rel}","templated":true}]}}