{"id":5272,"date":"2002-07-28T00:00:00","date_gmt":"2002-07-28T00:00:00","guid":{"rendered":"https:\/\/miners.rocks\/product\/mookait-australien-3\/"},"modified":"2020-05-19T17:03:59","modified_gmt":"2020-05-19T17:03:59","slug":"mookait-australien-3","status":"publish","type":"product","link":"https:\/\/westgem.shop\/fr\/produit\/mookait-australien-3\/","title":{"rendered":"Mookait - Australie"},"content":{"rendered":"<p>Super ROH - Mookait<\/p>\n<p>Mookait - nom de la r\u00e9gion Mooka Mooka (dans la langue des aborig\u00e8nes australiens, cela signifie \"eau courante\")<\/p>\n<p>Le seul site au monde se trouve en Australie occidentale, \u00e0 environ 1000 km \u00e0 l'est de PERTH , sur la Gascoine River.<\/p>\n<p>La mooka\u00efte est un m\u00e9lange min\u00e9ral compos\u00e9 de CHALCEDONE, de CHERT = PIERRE et d'OPALITE en proportions variables.<\/p>\n<p>L'\u00e2ge a \u00e9t\u00e9 d\u00e9termin\u00e9 \u00e0 environ 1,2 MILLIARD d'ann\u00e9es.<\/p>\n<p>Le poids de cette belle pi\u00e8ce est de 620 g<\/p>\n<p>  Dimensions : 13 x 9 x 5 cm<\/p>","protected":false},"excerpt":{"rendered":"<p>Super ROH - Mookait Mookait - nom de la r\u00e9gion Mooka Mooka ( dans la langue des aborig\u00e8nes australiens, cela signifie \"eau courante\") Le seul site au monde se trouve en Australie occidentale, \u00e0 environ 1000 km \u00e0 l'est de PERTH , sur la Gascoine River. La mooka\u00efte est un m\u00e9lange min\u00e9ral de CHALCEDON, CHERT = PIERRE et OPALITE en [...].<\/p>","protected":false},"featured_media":5273,"template":"","meta":{"_acf_changed":false},"region":[],"product_brand":[],"product_cat":[15],"product_tag":[],"class_list":{"0":"post-5272","1":"product","2":"type-product","3":"status-publish","4":"has-post-thumbnail","6":"product_cat-mineralien","8":"first","9":"outofstock","10":"sold-individually","11":"product-type-simple"},"acf":[],"_links":{"self":[{"href":"https:\/\/westgem.shop\/fr\/wp-json\/wp\/v2\/product\/5272","targetHints":{"allow":["GET"]}}],"collection":[{"href":"https:\/\/westgem.shop\/fr\/wp-json\/wp\/v2\/product"}],"about":[{"href":"https:\/\/westgem.shop\/fr\/wp-json\/wp\/v2\/types\/product"}],"wp:featuredmedia":[{"embeddable":true,"href":"https:\/\/westgem.shop\/fr\/wp-json\/wp\/v2\/media\/5273"}],"wp:attachment":[{"href":"https:\/\/westgem.shop\/fr\/wp-json\/wp\/v2\/media?parent=5272"}],"wp:term":[{"taxonomy":"region","embeddable":true,"href":"https:\/\/westgem.shop\/fr\/wp-json\/wp\/v2\/region?post=5272"},{"taxonomy":"product_brand","embeddable":true,"href":"https:\/\/westgem.shop\/fr\/wp-json\/wp\/v2\/product_brand?post=5272"},{"taxonomy":"product_cat","embeddable":true,"href":"https:\/\/westgem.shop\/fr\/wp-json\/wp\/v2\/product_cat?post=5272"},{"taxonomy":"product_tag","embeddable":true,"href":"https:\/\/westgem.shop\/fr\/wp-json\/wp\/v2\/product_tag?post=5272"}],"curies":[{"name":"wp","href":"https:\/\/api.w.org\/{rel}","templated":true}]}}