{"id":5277,"date":"2002-07-29T00:00:00","date_gmt":"2002-07-29T00:00:00","guid":{"rendered":"https:\/\/miners.rocks\/product\/chevron-amethyst-freeform\/"},"modified":"2020-05-19T17:04:00","modified_gmt":"2020-05-19T17:04:00","slug":"chevron-amethyste-freeform","status":"publish","type":"product","link":"https:\/\/westgem.shop\/fr\/produit\/chevron-amethyste-freeform\/","title":{"rendered":"CHEVRON AMETHYST - Forme libre"},"content":{"rendered":"<p>Grande CHEVRON AMETHYSTE \"Pierre de la main<\/p>\n<p>Aff\u00fbt\u00e9 \u00e0 la main, Freeform, poli sur toutes les faces.<\/p>\n<p>Les AMETHYSTES DE CHEVRON sont des vari\u00e9t\u00e9s d'AMETHYSTE qui sont associ\u00e9es \u00e0 du \"QUARTZ DE NEIGE\" blanc. Ces pierres se trouvent dans le sud de l'AFRIQUE - mais on trouve \u00e9galement des AMETHYSTES similaires dans d'autres endroits, comme par exemple \u00e0 MAISAU en Basse-Autriche.<\/p>\n<p>Poids : 0,22 kilogramme Dimensions : 7 x 6 x 3 cm<\/p>","protected":false},"excerpt":{"rendered":"<p>Grande CHEVRON AMETHYSTE \"pierre de main\" Taill\u00e9e \u00e0 la main, forme libre, polie de tous c\u00f4t\u00e9s. Les CHEVRON AMETHYSTE sont des vari\u00e9t\u00e9s d'AMETHYSTE qui sont associ\u00e9es \u00e0 du \"QUARTZ DE NEIGE\" blanc. Ces pierres ont \u00e9t\u00e9 trouv\u00e9es dans le sud de l'AFRIQUE, mais on trouve aussi des AMETHYSTES similaires ailleurs, par exemple \u00e0 MAISAU, en Basse-Autriche. Poids : 0,22 kilogramme Dimensions : 7 x 6 x 3 cm<\/p>","protected":false},"featured_media":5278,"template":"","meta":{"_acf_changed":false},"region":[],"product_brand":[],"product_cat":[15],"product_tag":[],"class_list":{"0":"post-5277","1":"product","2":"type-product","3":"status-publish","4":"has-post-thumbnail","6":"product_cat-mineralien","8":"first","9":"outofstock","10":"sold-individually","11":"product-type-simple"},"acf":[],"_links":{"self":[{"href":"https:\/\/westgem.shop\/fr\/wp-json\/wp\/v2\/product\/5277","targetHints":{"allow":["GET"]}}],"collection":[{"href":"https:\/\/westgem.shop\/fr\/wp-json\/wp\/v2\/product"}],"about":[{"href":"https:\/\/westgem.shop\/fr\/wp-json\/wp\/v2\/types\/product"}],"wp:featuredmedia":[{"embeddable":true,"href":"https:\/\/westgem.shop\/fr\/wp-json\/wp\/v2\/media\/5278"}],"wp:attachment":[{"href":"https:\/\/westgem.shop\/fr\/wp-json\/wp\/v2\/media?parent=5277"}],"wp:term":[{"taxonomy":"region","embeddable":true,"href":"https:\/\/westgem.shop\/fr\/wp-json\/wp\/v2\/region?post=5277"},{"taxonomy":"product_brand","embeddable":true,"href":"https:\/\/westgem.shop\/fr\/wp-json\/wp\/v2\/product_brand?post=5277"},{"taxonomy":"product_cat","embeddable":true,"href":"https:\/\/westgem.shop\/fr\/wp-json\/wp\/v2\/product_cat?post=5277"},{"taxonomy":"product_tag","embeddable":true,"href":"https:\/\/westgem.shop\/fr\/wp-json\/wp\/v2\/product_tag?post=5277"}],"curies":[{"name":"wp","href":"https:\/\/api.w.org\/{rel}","templated":true}]}}