{"id":5281,"date":"2002-07-30T00:00:00","date_gmt":"2002-07-30T00:00:00","guid":{"rendered":"https:\/\/miners.rocks\/product\/chevron-amethyst-freeform-2\/"},"modified":"2020-05-19T17:04:01","modified_gmt":"2020-05-19T17:04:01","slug":"chevron-amethyste-freeform-2","status":"publish","type":"product","link":"https:\/\/westgem.shop\/fr\/produit\/chevron-amethyste-freeform-2\/","title":{"rendered":"CHEVRON AM\u00c9THYSTE - FREEFORM"},"content":{"rendered":"<p>tr\u00e8s grande pierre pr\u00e9cieuse CHEVRON AMETHYST du sud de l'AFRIQUE<\/p>\n<p>Taill\u00e9 \u00e0 la main, poli \u00e0 la main.<\/p>\n<p>Les fissures que l'on voit sur les photos sont tout simplement NATURELLES et d\u00e9j\u00e0 pr\u00e9sentes dans la pierre brute. Elles sont taill\u00e9es en m\u00eame temps que la pierre, car il n'existe pratiquement pas de vari\u00e9t\u00e9s sans fissures et si c'est le cas, elles sont vendues plusieurs fois plus cher.<\/p>\n<p>Le poids de cette pierre est de 0,30 kilogramme Dimensions : 8 x 7 x 4 cm<\/p>","protected":false},"excerpt":{"rendered":"<p>Tr\u00e8s grande pierre pr\u00e9cieuse CHEVRON AMETHYST du sud de l'AFRIQUE Taill\u00e9e \u00e0 la main, polie \u00e0 la main. Les fissures visibles sur les photos sont tout simplement NATURELLES et d\u00e9j\u00e0 pr\u00e9sentes dans la pierre brute. Elles sont taill\u00e9es en m\u00eame temps que la pierre, car les vari\u00e9t\u00e9s sans fissures sont rares et si elles existent, elles sont vendues plusieurs fois plus ch\u00e8res. Le poids de cette pierre est de 0,30 kilogramme. Dimensions : 8 x 7 [...].<\/p>","protected":false},"featured_media":5282,"template":"","meta":{"_acf_changed":false},"region":[],"product_brand":[],"product_cat":[15],"product_tag":[],"class_list":{"0":"post-5281","1":"product","2":"type-product","3":"status-publish","4":"has-post-thumbnail","6":"product_cat-mineralien","8":"first","9":"outofstock","10":"sold-individually","11":"product-type-simple"},"acf":[],"_links":{"self":[{"href":"https:\/\/westgem.shop\/fr\/wp-json\/wp\/v2\/product\/5281","targetHints":{"allow":["GET"]}}],"collection":[{"href":"https:\/\/westgem.shop\/fr\/wp-json\/wp\/v2\/product"}],"about":[{"href":"https:\/\/westgem.shop\/fr\/wp-json\/wp\/v2\/types\/product"}],"wp:featuredmedia":[{"embeddable":true,"href":"https:\/\/westgem.shop\/fr\/wp-json\/wp\/v2\/media\/5282"}],"wp:attachment":[{"href":"https:\/\/westgem.shop\/fr\/wp-json\/wp\/v2\/media?parent=5281"}],"wp:term":[{"taxonomy":"region","embeddable":true,"href":"https:\/\/westgem.shop\/fr\/wp-json\/wp\/v2\/region?post=5281"},{"taxonomy":"product_brand","embeddable":true,"href":"https:\/\/westgem.shop\/fr\/wp-json\/wp\/v2\/product_brand?post=5281"},{"taxonomy":"product_cat","embeddable":true,"href":"https:\/\/westgem.shop\/fr\/wp-json\/wp\/v2\/product_cat?post=5281"},{"taxonomy":"product_tag","embeddable":true,"href":"https:\/\/westgem.shop\/fr\/wp-json\/wp\/v2\/product_tag?post=5281"}],"curies":[{"name":"wp","href":"https:\/\/api.w.org\/{rel}","templated":true}]}}