{"id":5284,"date":"2002-07-31T00:00:00","date_gmt":"2002-07-31T00:00:00","guid":{"rendered":"https:\/\/miners.rocks\/product\/rauchquarz-aa-madagaskar\/"},"modified":"2020-05-19T17:04:01","modified_gmt":"2020-05-19T17:04:01","slug":"quartz-fume-aa-madagascar","status":"publish","type":"product","link":"https:\/\/westgem.shop\/fr\/produit\/quartz-fume-aa-madagascar\/","title":{"rendered":"QUARTZ FUM\u00c9 AA - Madagascar"},"content":{"rendered":"<p>Pointe en QUARTZ FUM\u00c9 de premi\u00e8re qualit\u00e9 avec polissage TOP.<\/p>\n<p>Les QUARTZ FUM\u00c9S sont des CRISTALES DE MONTAGNE qui s'assombrissent sous l'effet du rayonnement naturel des montagnes, leur couleur va du brun l\u00e9g\u00e8rement \"fum\u00e9\" au noir (MORION).<\/p>\n<p>Ces pointes sont d'une excellente <br \/>\nQualit\u00e9, transparent et brillant, avec peu de stries de croissance et de piq\u00fbres.<\/p>\n<p>Le lieu de d\u00e9couverte est la province d'ANTANANARIVO sur l'\"\u00eele aux pierres pr\u00e9cieuses\" de Madagascar<\/p>\n<p>Poids : 260 g Dimensions : 8 x 5 x 4 cm<\/p>","protected":false},"excerpt":{"rendered":"<p>Pointe en QUARTZ FUM\u00c9 de premi\u00e8re qualit\u00e9 avec polissage TOP. Le QUARTZ FUM\u00c9 est un CRISTAL DE MONTAGNE qui s'assombrit sous l'effet de la radiation naturelle des montagnes, sa couleur va du brun l\u00e9g\u00e8rement \"fum\u00e9\" au noir (MORION). Ces pointes sont d'excellente qualit\u00e9, transparentes et brillantes, avec peu de stries de cire et de piq\u00fbres. Elles ont \u00e9t\u00e9 trouv\u00e9es dans la province d'ANTANANARIVO sur l'\"\u00eele aux pierres pr\u00e9cieuses\" de Madagascar. Poids : 260 g. Dimensions : 8 x [...].<\/p>","protected":false},"featured_media":5285,"template":"","meta":{"_acf_changed":false},"region":[],"product_brand":[],"product_cat":[15],"product_tag":[],"class_list":{"0":"post-5284","1":"product","2":"type-product","3":"status-publish","4":"has-post-thumbnail","6":"product_cat-mineralien","8":"first","9":"outofstock","10":"sold-individually","11":"product-type-simple"},"acf":[],"_links":{"self":[{"href":"https:\/\/westgem.shop\/fr\/wp-json\/wp\/v2\/product\/5284","targetHints":{"allow":["GET"]}}],"collection":[{"href":"https:\/\/westgem.shop\/fr\/wp-json\/wp\/v2\/product"}],"about":[{"href":"https:\/\/westgem.shop\/fr\/wp-json\/wp\/v2\/types\/product"}],"wp:featuredmedia":[{"embeddable":true,"href":"https:\/\/westgem.shop\/fr\/wp-json\/wp\/v2\/media\/5285"}],"wp:attachment":[{"href":"https:\/\/westgem.shop\/fr\/wp-json\/wp\/v2\/media?parent=5284"}],"wp:term":[{"taxonomy":"region","embeddable":true,"href":"https:\/\/westgem.shop\/fr\/wp-json\/wp\/v2\/region?post=5284"},{"taxonomy":"product_brand","embeddable":true,"href":"https:\/\/westgem.shop\/fr\/wp-json\/wp\/v2\/product_brand?post=5284"},{"taxonomy":"product_cat","embeddable":true,"href":"https:\/\/westgem.shop\/fr\/wp-json\/wp\/v2\/product_cat?post=5284"},{"taxonomy":"product_tag","embeddable":true,"href":"https:\/\/westgem.shop\/fr\/wp-json\/wp\/v2\/product_tag?post=5284"}],"curies":[{"name":"wp","href":"https:\/\/api.w.org\/{rel}","templated":true}]}}