{"id":5287,"date":"2002-08-01T00:00:00","date_gmt":"2002-08-01T00:00:00","guid":{"rendered":"https:\/\/miners.rocks\/product\/rauchquarz-aa-madagaskar-2\/"},"modified":"2020-05-19T17:04:02","modified_gmt":"2020-05-19T17:04:02","slug":"quartz-fume-aa-madagascar-2","status":"publish","type":"product","link":"https:\/\/westgem.shop\/fr\/produit\/quartz-fume-aa-madagascar-2\/","title":{"rendered":"QUARTZ FUM\u00c9 AA - Madagascar"},"content":{"rendered":"<p>Pointe de RAUCHQUARZ de premi\u00e8re qualit\u00e9 - Qualit\u00e9 AA<\/p>\n<p>Peu de piq\u00fbres, transparent et brillant.<\/p>\n<p>Province d'Antananarivo - Madagascar<\/p>\n<p>Poids : 240 g Dimensions : 8 x 5,5 x 4 cm<\/p>","protected":false},"excerpt":{"rendered":"<p>Dentelle de QUARTZ FUM\u00c9 de premi\u00e8re qualit\u00e9 - Qualit\u00e9 AA Peu de piq\u00fbres, transparent et brillant. Province d'Antananarivo - Madagascar Poids : 240 g Dimensions : 8 x 5,5 x 4 cm<\/p>","protected":false},"featured_media":5288,"template":"","meta":{"_acf_changed":false},"region":[],"product_brand":[],"product_cat":[15],"product_tag":[],"class_list":{"0":"post-5287","1":"product","2":"type-product","3":"status-publish","4":"has-post-thumbnail","6":"product_cat-mineralien","8":"first","9":"outofstock","10":"sold-individually","11":"product-type-simple"},"acf":[],"_links":{"self":[{"href":"https:\/\/westgem.shop\/fr\/wp-json\/wp\/v2\/product\/5287","targetHints":{"allow":["GET"]}}],"collection":[{"href":"https:\/\/westgem.shop\/fr\/wp-json\/wp\/v2\/product"}],"about":[{"href":"https:\/\/westgem.shop\/fr\/wp-json\/wp\/v2\/types\/product"}],"wp:featuredmedia":[{"embeddable":true,"href":"https:\/\/westgem.shop\/fr\/wp-json\/wp\/v2\/media\/5288"}],"wp:attachment":[{"href":"https:\/\/westgem.shop\/fr\/wp-json\/wp\/v2\/media?parent=5287"}],"wp:term":[{"taxonomy":"region","embeddable":true,"href":"https:\/\/westgem.shop\/fr\/wp-json\/wp\/v2\/region?post=5287"},{"taxonomy":"product_brand","embeddable":true,"href":"https:\/\/westgem.shop\/fr\/wp-json\/wp\/v2\/product_brand?post=5287"},{"taxonomy":"product_cat","embeddable":true,"href":"https:\/\/westgem.shop\/fr\/wp-json\/wp\/v2\/product_cat?post=5287"},{"taxonomy":"product_tag","embeddable":true,"href":"https:\/\/westgem.shop\/fr\/wp-json\/wp\/v2\/product_tag?post=5287"}],"curies":[{"name":"wp","href":"https:\/\/api.w.org\/{rel}","templated":true}]}}