{"id":5290,"date":"2002-08-02T00:00:00","date_gmt":"2002-08-02T00:00:00","guid":{"rendered":"https:\/\/miners.rocks\/product\/chalcedon-feuerstein-roh\/"},"modified":"2020-05-19T17:04:02","modified_gmt":"2020-05-19T17:04:02","slug":"calcedoine-silex-brut","status":"publish","type":"product","link":"https:\/\/westgem.shop\/fr\/produit\/calcedoine-silex-brut\/","title":{"rendered":"CALC\u00c9DOINE SILEX - BRUT"},"content":{"rendered":"<p>\n\tPIERRE BRUTE - PIERRE DE CHALCEDON - Quartz s\u00e9dimentaire<\/p>\n<p>\n\tPOLYCHROM = multicolore<\/p>\n<p>\n\tCe mat\u00e9riau est souvent pr\u00e9sent\u00e9 \u00e0 tort comme du jaspe. Or, le jaspe ne poss\u00e8de pas d'\u00e9corce d'alt\u00e9ration et ne se brise pas avec des ar\u00eates aussi tranchantes. Le nom anglais de ces pierres est CHERT ou FLINTSTONE.<\/p>\n<p>\n\tAntsirabe - Madagascar<\/p>\n<p>\n\tPoids : 0,58 Kg.   Dimensions : 11 x 7 x 5 cm<\/p>","protected":false},"excerpt":{"rendered":"<p>PIERRE BRUTE - PIERRE DE CHALCEDON - Quartz s\u00e9dimentaire POLYCHROME = multicolore Ce mat\u00e9riau est souvent propos\u00e9 \u00e0 tort comme jaspe. Or, le jaspe ne poss\u00e8de pas d'\u00e9corce d'alt\u00e9ration et ne se brise pas avec des ar\u00eates aussi tranchantes. Le nom anglais de ces pierres est CHERT ou FLINTSTONE. Antsirabe - Madagascar Poids : 0,58 kg. Dimensions : 11 x 7 x 5 cm<\/p>","protected":false},"featured_media":5291,"template":"","meta":{"_acf_changed":false},"region":[],"product_brand":[],"product_cat":[15],"product_tag":[],"class_list":{"0":"post-5290","1":"product","2":"type-product","3":"status-publish","4":"has-post-thumbnail","6":"product_cat-mineralien","8":"first","9":"outofstock","10":"sold-individually","11":"product-type-simple"},"acf":[],"_links":{"self":[{"href":"https:\/\/westgem.shop\/fr\/wp-json\/wp\/v2\/product\/5290","targetHints":{"allow":["GET"]}}],"collection":[{"href":"https:\/\/westgem.shop\/fr\/wp-json\/wp\/v2\/product"}],"about":[{"href":"https:\/\/westgem.shop\/fr\/wp-json\/wp\/v2\/types\/product"}],"wp:featuredmedia":[{"embeddable":true,"href":"https:\/\/westgem.shop\/fr\/wp-json\/wp\/v2\/media\/5291"}],"wp:attachment":[{"href":"https:\/\/westgem.shop\/fr\/wp-json\/wp\/v2\/media?parent=5290"}],"wp:term":[{"taxonomy":"region","embeddable":true,"href":"https:\/\/westgem.shop\/fr\/wp-json\/wp\/v2\/region?post=5290"},{"taxonomy":"product_brand","embeddable":true,"href":"https:\/\/westgem.shop\/fr\/wp-json\/wp\/v2\/product_brand?post=5290"},{"taxonomy":"product_cat","embeddable":true,"href":"https:\/\/westgem.shop\/fr\/wp-json\/wp\/v2\/product_cat?post=5290"},{"taxonomy":"product_tag","embeddable":true,"href":"https:\/\/westgem.shop\/fr\/wp-json\/wp\/v2\/product_tag?post=5290"}],"curies":[{"name":"wp","href":"https:\/\/api.w.org\/{rel}","templated":true}]}}