{"id":5293,"date":"2002-08-03T00:00:00","date_gmt":"2002-08-03T00:00:00","guid":{"rendered":"https:\/\/miners.rocks\/product\/polychromer-feuerstein-roh\/"},"modified":"2020-05-19T17:04:02","modified_gmt":"2020-05-19T17:04:02","slug":"silex-polychrome-brut","status":"publish","type":"product","link":"https:\/\/westgem.shop\/fr\/produit\/silex-polychrome-brut\/","title":{"rendered":"PIERRE DE FEU polychrome - brute"},"content":{"rendered":"<p>\n\tPIERRE FEUILLEUSE CHALCEDON multicolore - PIERRE BRUTE<\/p>\n<p>\n\tCe mat\u00e9riau est g\u00e9n\u00e9ralement pr\u00e9sent\u00e9 dans le commerce comme du jaspe, ce qui est faux. Le jaspe ne poss\u00e8de pas d'\u00e9corce d'alt\u00e9ration et ne se brise pas avec des ar\u00eates aussi tranchantes que celles d'un rasoir. Le nom anglais de ces pierres est CHERT ou FLINTSTONE.<\/p>\n<p>\n\tAntsirabe - Madagascar<\/p>\n<p>\n\tPoids : 0,46 kilogramme Dimensions : 11,5 x 8 x 4 cm<\/p>","protected":false},"excerpt":{"rendered":"<p>PIERRE BRUTE DE CHALCEDON multicolore Ce mat\u00e9riau est g\u00e9n\u00e9ralement propos\u00e9 dans le commerce comme jaspe, ce qui est faux. Le jaspe ne poss\u00e8de pas d'\u00e9corce d'alt\u00e9ration et ne se brise pas avec de tels bords tranchants de rasoir. Le nom anglais de ces pierres est CHERT ou FLINTSTONE. Antsirabe - Madagascar Poids : 0,46 kilogramme Dimensions : 11,5 x 8 x 4 cm<\/p>","protected":false},"featured_media":5294,"template":"","meta":{"_acf_changed":false},"region":[],"product_brand":[],"product_cat":[15],"product_tag":[],"class_list":{"0":"post-5293","1":"product","2":"type-product","3":"status-publish","4":"has-post-thumbnail","6":"product_cat-mineralien","8":"first","9":"outofstock","10":"sold-individually","11":"product-type-simple"},"acf":[],"_links":{"self":[{"href":"https:\/\/westgem.shop\/fr\/wp-json\/wp\/v2\/product\/5293","targetHints":{"allow":["GET"]}}],"collection":[{"href":"https:\/\/westgem.shop\/fr\/wp-json\/wp\/v2\/product"}],"about":[{"href":"https:\/\/westgem.shop\/fr\/wp-json\/wp\/v2\/types\/product"}],"wp:featuredmedia":[{"embeddable":true,"href":"https:\/\/westgem.shop\/fr\/wp-json\/wp\/v2\/media\/5294"}],"wp:attachment":[{"href":"https:\/\/westgem.shop\/fr\/wp-json\/wp\/v2\/media?parent=5293"}],"wp:term":[{"taxonomy":"region","embeddable":true,"href":"https:\/\/westgem.shop\/fr\/wp-json\/wp\/v2\/region?post=5293"},{"taxonomy":"product_brand","embeddable":true,"href":"https:\/\/westgem.shop\/fr\/wp-json\/wp\/v2\/product_brand?post=5293"},{"taxonomy":"product_cat","embeddable":true,"href":"https:\/\/westgem.shop\/fr\/wp-json\/wp\/v2\/product_cat?post=5293"},{"taxonomy":"product_tag","embeddable":true,"href":"https:\/\/westgem.shop\/fr\/wp-json\/wp\/v2\/product_tag?post=5293"}],"curies":[{"name":"wp","href":"https:\/\/api.w.org\/{rel}","templated":true}]}}