{"id":5296,"date":"2002-08-04T00:00:00","date_gmt":"2002-08-04T00:00:00","guid":{"rendered":"https:\/\/miners.rocks\/product\/tigereisen-aa-poliert\/"},"modified":"2020-05-19T17:04:03","modified_gmt":"2020-05-19T17:04:03","slug":"fer-de-tigre-aa-poli","status":"publish","type":"product","link":"https:\/\/westgem.shop\/fr\/produit\/fer-de-tigre-aa-poli\/","title":{"rendered":"Fer tigr\u00e9 AA - POLI"},"content":{"rendered":"<p>Fer tigr\u00e9 = M\u00e9lange min\u00e9ral en couches compos\u00e9 de diff\u00e9rentes proportions de :<\/p>\n<p>Jaspe rouge-brun - Oeil de tigre dor\u00e9 et magn\u00e9tite m\u00e9tallique brillante<\/p>\n<p>Les veines de magn\u00e9tite en particulier proviennent de minerais en ruban qui se sont \u00e9chapp\u00e9s de volcans sous-marins il y a environ 2,1 MILLIARDS d'ann\u00e9es, les autres composants ne se sont form\u00e9s qu'un milliard d'ann\u00e9es plus tard.<\/p>\n<p>Cette superbe plaque est polie \u00e0 la main sur les deux faces et pr\u00e9sente une brillance incroyable, notamment gr\u00e2ce aux veines de l'\u0153il de tigre, lorsque la lumi\u00e8re est bonne.<\/p>\n<p>La mati\u00e8re premi\u00e8re est extraite de la mine de BANDET IRON MINE \u00e0 TRANSVAAL - Afrique du Sud.<\/p>\n<p>Le poids de la plaque est de 0,6 kilogramme Dimensions : 14,5 x 12 x 1,2 cm<\/p>","protected":false},"excerpt":{"rendered":"<p>Fer de tigre = m\u00e9lange de min\u00e9raux en diff\u00e9rentes proportions : jaspe rouge-brun - \u0153il de tigre dor\u00e9 et magn\u00e9tite m\u00e9tallique brillante Les veines de magn\u00e9tite proviennent de minerais en ruban qui se sont \u00e9chapp\u00e9s de volcans sous-marins il y a environ 2,1 MILLIARDS d'ann\u00e9es, les autres composants ne se sont form\u00e9s qu'un milliard d'ann\u00e9es plus tard. Cette superbe plaque est polie \u00e0 la main sur les deux faces et pr\u00e9sente [...].<\/p>","protected":false},"featured_media":5297,"template":"","meta":{"_acf_changed":false},"region":[],"product_brand":[],"product_cat":[15],"product_tag":[],"class_list":{"0":"post-5296","1":"product","2":"type-product","3":"status-publish","4":"has-post-thumbnail","6":"product_cat-mineralien","8":"first","9":"outofstock","10":"sold-individually","11":"product-type-simple"},"acf":[],"_links":{"self":[{"href":"https:\/\/westgem.shop\/fr\/wp-json\/wp\/v2\/product\/5296","targetHints":{"allow":["GET"]}}],"collection":[{"href":"https:\/\/westgem.shop\/fr\/wp-json\/wp\/v2\/product"}],"about":[{"href":"https:\/\/westgem.shop\/fr\/wp-json\/wp\/v2\/types\/product"}],"wp:featuredmedia":[{"embeddable":true,"href":"https:\/\/westgem.shop\/fr\/wp-json\/wp\/v2\/media\/5297"}],"wp:attachment":[{"href":"https:\/\/westgem.shop\/fr\/wp-json\/wp\/v2\/media?parent=5296"}],"wp:term":[{"taxonomy":"region","embeddable":true,"href":"https:\/\/westgem.shop\/fr\/wp-json\/wp\/v2\/region?post=5296"},{"taxonomy":"product_brand","embeddable":true,"href":"https:\/\/westgem.shop\/fr\/wp-json\/wp\/v2\/product_brand?post=5296"},{"taxonomy":"product_cat","embeddable":true,"href":"https:\/\/westgem.shop\/fr\/wp-json\/wp\/v2\/product_cat?post=5296"},{"taxonomy":"product_tag","embeddable":true,"href":"https:\/\/westgem.shop\/fr\/wp-json\/wp\/v2\/product_tag?post=5296"}],"curies":[{"name":"wp","href":"https:\/\/api.w.org\/{rel}","templated":true}]}}