{"id":530,"date":"2000-02-28T00:00:00","date_gmt":"2000-02-28T00:00:00","guid":{"rendered":"https:\/\/miners.rocks\/product\/94\/"},"modified":"2020-05-19T16:55:38","modified_gmt":"2020-05-19T16:55:38","slug":"canard-sculpte-a-la-main-sur-cristal-de-roche","status":"publish","type":"product","link":"https:\/\/westgem.shop\/fr\/produit\/canard-sculpte-a-la-main-sur-cristal-de-roche\/","title":{"rendered":"Canard sculpt\u00e9 \u00e0 la main - sur cristal de roche"},"content":{"rendered":"<p>Canard artisanal en manganocalcite et chrysocolle sur un socle en cristal de roche.<\/p>\n<p>poids : 2,30 kg<\/p>\n<p>Dimensions : 18 x 18 x 18 cm<\/p>","protected":false},"excerpt":{"rendered":"<p>Pi\u00e8ce d\u00e9corative attrayante pour chaque pi\u00e8ce \u00e0 vivre.Canard fait \u00e0 la main en manganocalcite et chrysocolle sur un socle en cristal de roche. Poids : 2,30 kg Dimensions : 18 x 18 x 18 cm<\/p>","protected":false},"featured_media":531,"template":"","meta":{"_acf_changed":false},"region":[],"product_brand":[],"product_cat":[15],"product_tag":[],"class_list":{"0":"post-530","1":"product","2":"type-product","3":"status-publish","4":"has-post-thumbnail","6":"product_cat-mineralien","8":"first","9":"outofstock","10":"sold-individually","11":"product-type-simple"},"acf":[],"_links":{"self":[{"href":"https:\/\/westgem.shop\/fr\/wp-json\/wp\/v2\/product\/530","targetHints":{"allow":["GET"]}}],"collection":[{"href":"https:\/\/westgem.shop\/fr\/wp-json\/wp\/v2\/product"}],"about":[{"href":"https:\/\/westgem.shop\/fr\/wp-json\/wp\/v2\/types\/product"}],"wp:featuredmedia":[{"embeddable":true,"href":"https:\/\/westgem.shop\/fr\/wp-json\/wp\/v2\/media\/531"}],"wp:attachment":[{"href":"https:\/\/westgem.shop\/fr\/wp-json\/wp\/v2\/media?parent=530"}],"wp:term":[{"taxonomy":"region","embeddable":true,"href":"https:\/\/westgem.shop\/fr\/wp-json\/wp\/v2\/region?post=530"},{"taxonomy":"product_brand","embeddable":true,"href":"https:\/\/westgem.shop\/fr\/wp-json\/wp\/v2\/product_brand?post=530"},{"taxonomy":"product_cat","embeddable":true,"href":"https:\/\/westgem.shop\/fr\/wp-json\/wp\/v2\/product_cat?post=530"},{"taxonomy":"product_tag","embeddable":true,"href":"https:\/\/westgem.shop\/fr\/wp-json\/wp\/v2\/product_tag?post=530"}],"curies":[{"name":"wp","href":"https:\/\/api.w.org\/{rel}","templated":true}]}}