{"id":5300,"date":"2002-08-05T00:00:00","date_gmt":"2002-08-05T00:00:00","guid":{"rendered":"https:\/\/miners.rocks\/product\/orig-saurierzahn-90-mil-jahre-alt\/"},"modified":"2020-05-19T17:04:03","modified_gmt":"2020-05-19T17:04:03","slug":"orig-dent-de-saurien-90-mil-ans","status":"publish","type":"product","link":"https:\/\/westgem.shop\/fr\/produit\/orig-dent-de-saurien-90-mil-ans\/","title":{"rendered":"SAURIERZAHN original - 90 millions d'ann\u00e9es"},"content":{"rendered":"<p>COUPE SAURIENNE ORIGINALE en MATRICE ORIGINALE<\/p>\n<p>MOSA SAURUS \u00e9tait un dinosaure marin d'environ 16 m\u00e8tres de long qui vivait il y a environ 90 millions d'ann\u00e9es.<\/p>\n<p>Nous vous proposons ici une dent originale avec RACINE DENTAIRE dans la matrice originale de PIERRE PHOSPHATE dans laquelle on peut \u00e9galement voir divers autres RESTE FOSSILE.<\/p>\n<p>Ces pi\u00e8ces ont \u00e9t\u00e9 trouv\u00e9es sur le plateau de phosphate en SAHARA NORD-AFRIQUE OCCIDENTALE.<\/p>\n<p>Poids : 0,8 kilogramme Dimensions : ges.14 x 11 x 5 cm<\/p>\n<p>La dent et sa racine mesurent 14 cm de long et 5,5 cm de large.<\/p>\n<p>SUPER PI\u00c8CE ! \u00e0 un SUPER PRIX !<\/p>","protected":false},"excerpt":{"rendered":"<p>DENT SAURIEN ORIGINALE dans MATRICE ORIGINALE MOSA SAURUS \u00e9tait un dinosaure marin d'environ 16 m\u00e8tres de long et vivait il y a environ 90 millions d'ann\u00e9es Nous vous proposons ici une dent originale avec RACINE DENTAIRE dans la matrice originale de PIERRE PHOSPHATE dans laquelle on peut \u00e9galement voir divers autres RESTE FOSSILE. Le lieu de d\u00e9couverte de ces pi\u00e8ces est le plateau de phosphate en SAHARA OCCIDENTAL NORD AFRIQUE Poids : 0,8 [...]<\/p>","protected":false},"featured_media":5301,"template":"","meta":{"_acf_changed":false},"region":[],"product_brand":[],"product_cat":[15],"product_tag":[],"class_list":{"0":"post-5300","1":"product","2":"type-product","3":"status-publish","4":"has-post-thumbnail","6":"product_cat-mineralien","8":"first","9":"outofstock","10":"sold-individually","11":"product-type-simple"},"acf":[],"_links":{"self":[{"href":"https:\/\/westgem.shop\/fr\/wp-json\/wp\/v2\/product\/5300","targetHints":{"allow":["GET"]}}],"collection":[{"href":"https:\/\/westgem.shop\/fr\/wp-json\/wp\/v2\/product"}],"about":[{"href":"https:\/\/westgem.shop\/fr\/wp-json\/wp\/v2\/types\/product"}],"wp:featuredmedia":[{"embeddable":true,"href":"https:\/\/westgem.shop\/fr\/wp-json\/wp\/v2\/media\/5301"}],"wp:attachment":[{"href":"https:\/\/westgem.shop\/fr\/wp-json\/wp\/v2\/media?parent=5300"}],"wp:term":[{"taxonomy":"region","embeddable":true,"href":"https:\/\/westgem.shop\/fr\/wp-json\/wp\/v2\/region?post=5300"},{"taxonomy":"product_brand","embeddable":true,"href":"https:\/\/westgem.shop\/fr\/wp-json\/wp\/v2\/product_brand?post=5300"},{"taxonomy":"product_cat","embeddable":true,"href":"https:\/\/westgem.shop\/fr\/wp-json\/wp\/v2\/product_cat?post=5300"},{"taxonomy":"product_tag","embeddable":true,"href":"https:\/\/westgem.shop\/fr\/wp-json\/wp\/v2\/product_tag?post=5300"}],"curies":[{"name":"wp","href":"https:\/\/api.w.org\/{rel}","templated":true}]}}