{"id":5310,"date":"2002-08-08T00:00:00","date_gmt":"2002-08-08T00:00:00","guid":{"rendered":"https:\/\/miners.rocks\/product\/saurierzahn-in-originalmatrix\/"},"modified":"2020-05-19T17:04:06","modified_gmt":"2020-05-19T17:04:06","slug":"dent-de-saurien-dans-matrice-originale","status":"publish","type":"product","link":"https:\/\/westgem.shop\/fr\/produit\/dent-de-saurien-dans-matrice-originale\/","title":{"rendered":"SAURIERZAHN en matrice originale"},"content":{"rendered":"<p>DENTS DE SAURIENS originaux d'environ 90 millions d'ann\u00e9es dans la matrice originale de ROCKS PHOSPHATES avec plusieurs restes d'autres FOSSILES.<\/p>\n<p>Le site est le plateau de phosphate dans le SAHARA OCCIDENTAL en AFRIQUE DU NORD<\/p>\n<p>Poids : 360 g Dimensions : total 11 x 7 x 6 cm Dent : 4 cm de long et 3 cm de large \u00e0 la base<\/p>\n<p>La derni\u00e8re image montre la dent de l'arri\u00e8re, telle qu'elle est \u00e0 l'int\u00e9rieur.<\/p>\n<p>SUPER DENT - SUPER PRIX !<\/p>","protected":false},"excerpt":{"rendered":"<p>Dents de SAURIER originales datant d'environ 90 millions d'ann\u00e9es dans la matrice originale de roches PHOSPHATIQUES avec plusieurs restes d'autres FOSSILES. Le site de la d\u00e9couverte est le plateau de phosphate dans le SAHARA OCCIDENTAL en AFRIQUE DU NORD Poids : 360 g Dimensions : total 11 x 7 x 6 cm Dent : 4 cm de long et 3 cm de large \u00e0 la base La derni\u00e8re image montre [...].<\/p>","protected":false},"featured_media":5311,"template":"","meta":{"_acf_changed":false},"region":[],"product_brand":[],"product_cat":[15],"product_tag":[],"class_list":{"0":"post-5310","1":"product","2":"type-product","3":"status-publish","4":"has-post-thumbnail","6":"product_cat-mineralien","8":"first","9":"outofstock","10":"sold-individually","11":"product-type-simple"},"acf":[],"_links":{"self":[{"href":"https:\/\/westgem.shop\/fr\/wp-json\/wp\/v2\/product\/5310","targetHints":{"allow":["GET"]}}],"collection":[{"href":"https:\/\/westgem.shop\/fr\/wp-json\/wp\/v2\/product"}],"about":[{"href":"https:\/\/westgem.shop\/fr\/wp-json\/wp\/v2\/types\/product"}],"wp:featuredmedia":[{"embeddable":true,"href":"https:\/\/westgem.shop\/fr\/wp-json\/wp\/v2\/media\/5311"}],"wp:attachment":[{"href":"https:\/\/westgem.shop\/fr\/wp-json\/wp\/v2\/media?parent=5310"}],"wp:term":[{"taxonomy":"region","embeddable":true,"href":"https:\/\/westgem.shop\/fr\/wp-json\/wp\/v2\/region?post=5310"},{"taxonomy":"product_brand","embeddable":true,"href":"https:\/\/westgem.shop\/fr\/wp-json\/wp\/v2\/product_brand?post=5310"},{"taxonomy":"product_cat","embeddable":true,"href":"https:\/\/westgem.shop\/fr\/wp-json\/wp\/v2\/product_cat?post=5310"},{"taxonomy":"product_tag","embeddable":true,"href":"https:\/\/westgem.shop\/fr\/wp-json\/wp\/v2\/product_tag?post=5310"}],"curies":[{"name":"wp","href":"https:\/\/api.w.org\/{rel}","templated":true}]}}