{"id":5316,"date":"2002-08-09T00:00:00","date_gmt":"2002-08-09T00:00:00","guid":{"rendered":"https:\/\/miners.rocks\/product\/granat-xx-hochalpin-2\/"},"modified":"2020-05-19T17:04:07","modified_gmt":"2020-05-19T17:04:07","slug":"granat-xx-haute-alpine-2","status":"publish","type":"product","link":"https:\/\/westgem.shop\/fr\/produit\/granat-xx-haute-alpine-2\/","title":{"rendered":"GRANAT xx - HOCHALPIN"},"content":{"rendered":"<p>Ancienne pi\u00e8ce des ann\u00e9es 1960 !<\/p>\n<p>GRANAT xx Var. ALMANDIN dans GLIMMERSCHIEFER<\/p>\n<p>Belles surfaces finales, rouge translucide sur les bords. <\/p>\n<p>Sur ce site de haute montagne du HORNKEES dans le Zillertal, on ne trouve malheureusement plus gu\u00e8re de pi\u00e8ces utilisables.<\/p>\n<p>Le poids de la marche est de 0,64 kilogramme Dimensions : 13 x 9 x 7 cm<\/p>\n<p>PRIX SP\u00c9CIAL COLLECTIONNEUR !<\/p>\n<p>SUPER PRIX EN LIGNE !<\/p>","protected":false},"excerpt":{"rendered":"<p>Ancienne pi\u00e8ce des ann\u00e9es 1960 ! GRANAT xx Var. ALMANDIN en GLIMMERSCHIEFER Belle face terminale, rouge translucide sur les bords. Sur ce site dans la r\u00e9gion alpine du HORNKEES dans le Zillertal, on ne trouve malheureusement plus gu\u00e8re de pi\u00e8ces utilisables. Le poids de la marche est de 0,64 kilogramme Dimensions : 13 x 9 x 7 cm PRIX SPECIAL DE SALLE ! SUPER PRIX EN LIGNE !<\/p>","protected":false},"featured_media":5317,"template":"","meta":{"_acf_changed":false},"region":[],"product_brand":[],"product_cat":[15],"product_tag":[],"class_list":{"0":"post-5316","1":"product","2":"type-product","3":"status-publish","4":"has-post-thumbnail","6":"product_cat-mineralien","8":"first","9":"outofstock","10":"sold-individually","11":"product-type-simple"},"acf":[],"_links":{"self":[{"href":"https:\/\/westgem.shop\/fr\/wp-json\/wp\/v2\/product\/5316","targetHints":{"allow":["GET"]}}],"collection":[{"href":"https:\/\/westgem.shop\/fr\/wp-json\/wp\/v2\/product"}],"about":[{"href":"https:\/\/westgem.shop\/fr\/wp-json\/wp\/v2\/types\/product"}],"wp:featuredmedia":[{"embeddable":true,"href":"https:\/\/westgem.shop\/fr\/wp-json\/wp\/v2\/media\/5317"}],"wp:attachment":[{"href":"https:\/\/westgem.shop\/fr\/wp-json\/wp\/v2\/media?parent=5316"}],"wp:term":[{"taxonomy":"region","embeddable":true,"href":"https:\/\/westgem.shop\/fr\/wp-json\/wp\/v2\/region?post=5316"},{"taxonomy":"product_brand","embeddable":true,"href":"https:\/\/westgem.shop\/fr\/wp-json\/wp\/v2\/product_brand?post=5316"},{"taxonomy":"product_cat","embeddable":true,"href":"https:\/\/westgem.shop\/fr\/wp-json\/wp\/v2\/product_cat?post=5316"},{"taxonomy":"product_tag","embeddable":true,"href":"https:\/\/westgem.shop\/fr\/wp-json\/wp\/v2\/product_tag?post=5316"}],"curies":[{"name":"wp","href":"https:\/\/api.w.org\/{rel}","templated":true}]}}