{"id":5321,"date":"2002-08-10T00:00:00","date_gmt":"2002-08-10T00:00:00","guid":{"rendered":"https:\/\/miners.rocks\/product\/calcit-xx-und-antimoniterz-china\/"},"modified":"2020-05-19T17:04:07","modified_gmt":"2020-05-19T17:04:07","slug":"calcite-xx-et-minerai-dantimoine-chine","status":"publish","type":"product","link":"https:\/\/westgem.shop\/fr\/produit\/calcite-xx-et-minerai-dantimoine-chine\/","title":{"rendered":"CALCIT xx et ZONE ANTIMONITE - CHINE"},"content":{"rendered":"<p>Tr\u00e8s grand - couleur ambre - CALCITE - PATIN DE CHAUFFE avec des parties d'ANTIMONITE noire ERZ.<\/p>\n<p>De la d\u00e9couverte de 1999 dans la mine de Xionghuang \u00e0 WUYU Guangxi - CHINE.<\/p>\n<p>Poids : 2,2 kilogrammes Dimensions : 20 x 12 x 11 cm<\/p>\n<p>Reste d'un lot totalement \u00e9puis\u00e9.<\/p>\n<p>PRIX SPECIAL !<\/p>","protected":false},"excerpt":{"rendered":"<p>Tr\u00e8s grand - ambre - CALCITE - PATE CALCAIRE avec des proportions de minerai noir d'ANTIMONITE. Trouv\u00e9 en 1999 dans la mine de Xionghuang \u00e0 WUYU Guangxi - CHINE. Poids : 2,2 kilogrammes Dimensions : 20 x 12 x 11 cm Reste d'un lot totalement \u00e9puis\u00e9. PRIX SPECIAL !<\/p>","protected":false},"featured_media":5322,"template":"","meta":{"_acf_changed":false},"region":[],"product_brand":[],"product_cat":[15],"product_tag":[],"class_list":{"0":"post-5321","1":"product","2":"type-product","3":"status-publish","4":"has-post-thumbnail","6":"product_cat-mineralien","8":"first","9":"outofstock","10":"sold-individually","11":"product-type-simple"},"acf":[],"_links":{"self":[{"href":"https:\/\/westgem.shop\/fr\/wp-json\/wp\/v2\/product\/5321","targetHints":{"allow":["GET"]}}],"collection":[{"href":"https:\/\/westgem.shop\/fr\/wp-json\/wp\/v2\/product"}],"about":[{"href":"https:\/\/westgem.shop\/fr\/wp-json\/wp\/v2\/types\/product"}],"wp:featuredmedia":[{"embeddable":true,"href":"https:\/\/westgem.shop\/fr\/wp-json\/wp\/v2\/media\/5322"}],"wp:attachment":[{"href":"https:\/\/westgem.shop\/fr\/wp-json\/wp\/v2\/media?parent=5321"}],"wp:term":[{"taxonomy":"region","embeddable":true,"href":"https:\/\/westgem.shop\/fr\/wp-json\/wp\/v2\/region?post=5321"},{"taxonomy":"product_brand","embeddable":true,"href":"https:\/\/westgem.shop\/fr\/wp-json\/wp\/v2\/product_brand?post=5321"},{"taxonomy":"product_cat","embeddable":true,"href":"https:\/\/westgem.shop\/fr\/wp-json\/wp\/v2\/product_cat?post=5321"},{"taxonomy":"product_tag","embeddable":true,"href":"https:\/\/westgem.shop\/fr\/wp-json\/wp\/v2\/product_tag?post=5321"}],"curies":[{"name":"wp","href":"https:\/\/api.w.org\/{rel}","templated":true}]}}