{"id":5328,"date":"2002-08-11T00:00:00","date_gmt":"2002-08-11T00:00:00","guid":{"rendered":"https:\/\/miners.rocks\/product\/wulfenit-xx-spezial\/"},"modified":"2020-05-19T17:04:08","modified_gmt":"2020-05-19T17:04:08","slug":"wulfenit-xx-special","status":"publish","type":"product","link":"https:\/\/westgem.shop\/fr\/produit\/wulfenit-xx-special\/","title":{"rendered":"WULFENIT XX - SP\u00c9CIAL"},"content":{"rendered":"<p>Ce niveau sp\u00e9cial de WULFENITE de BLEIBERGER provient certainement d'une d\u00e9couverte datant d'avant 1900. De telles WULFENITES n'ont pas \u00e9t\u00e9 enregistr\u00e9es pendant la p\u00e9riode de d\u00e9couverte principale, de 1970 \u00e0 1986. Un collectionneur sp\u00e9cialis\u00e9 de BLEIBERG nous a fait remarquer qu'il s'agissait d'une pi\u00e8ce \"historique\".<\/p>\n<p>Les cristaux de WULFENIT sont finement tabulaires, parfois de couleur gris\u00e2tre, et leur face inf\u00e9rieure est encore enfouie dans l'ancienne argile fissur\u00e9e. <\/p>\n<p>Sur BLEIBERGER WETTERSTEINKALK typique.<\/p>\n<p>Tr\u00e8s probablement de la mine RUDOLF.<\/p>\n<p>Poids : 1,8 kilogramme Dimensions : 23 x 11 x 14 cm<\/p>\n<p>Le prix ? ??? Face \u00e0 l'\u00e2ge ? Je ne sais pas !<\/p>\n<p>Mais pour un collectionneur sp\u00e9cialis\u00e9, disons 170 \u20ac, c'est ridicule - mais qu'importe !<\/p>\n<p>WULFENIT de la TYPLOCALIT\u00c9 !<\/p>","protected":false},"excerpt":{"rendered":"<p>Ce niveau sp\u00e9cial de WULFENITE de BLEIBERGER provient certainement d'une d\u00e9couverte datant d'avant 1900. De telles WULFENITES n'ont pas \u00e9t\u00e9 enregistr\u00e9es pendant la p\u00e9riode de d\u00e9couverte principale, de 1970 \u00e0 1986. Un collectionneur sp\u00e9cialis\u00e9 de BLEIBERG nous a fait remarquer qu'il s'agissait d'une pi\u00e8ce \"historique\". Les cristaux de WULFENITE sont finement tabulaires avec parfois une couleur gris\u00e2tre sur la face inf\u00e9rieure [...].<\/p>","protected":false},"featured_media":5329,"template":"","meta":{"_acf_changed":false},"region":[],"product_brand":[],"product_cat":[15],"product_tag":[],"class_list":{"0":"post-5328","1":"product","2":"type-product","3":"status-publish","4":"has-post-thumbnail","6":"product_cat-mineralien","8":"first","9":"outofstock","10":"sold-individually","11":"product-type-simple"},"acf":[],"_links":{"self":[{"href":"https:\/\/westgem.shop\/fr\/wp-json\/wp\/v2\/product\/5328","targetHints":{"allow":["GET"]}}],"collection":[{"href":"https:\/\/westgem.shop\/fr\/wp-json\/wp\/v2\/product"}],"about":[{"href":"https:\/\/westgem.shop\/fr\/wp-json\/wp\/v2\/types\/product"}],"wp:featuredmedia":[{"embeddable":true,"href":"https:\/\/westgem.shop\/fr\/wp-json\/wp\/v2\/media\/5329"}],"wp:attachment":[{"href":"https:\/\/westgem.shop\/fr\/wp-json\/wp\/v2\/media?parent=5328"}],"wp:term":[{"taxonomy":"region","embeddable":true,"href":"https:\/\/westgem.shop\/fr\/wp-json\/wp\/v2\/region?post=5328"},{"taxonomy":"product_brand","embeddable":true,"href":"https:\/\/westgem.shop\/fr\/wp-json\/wp\/v2\/product_brand?post=5328"},{"taxonomy":"product_cat","embeddable":true,"href":"https:\/\/westgem.shop\/fr\/wp-json\/wp\/v2\/product_cat?post=5328"},{"taxonomy":"product_tag","embeddable":true,"href":"https:\/\/westgem.shop\/fr\/wp-json\/wp\/v2\/product_tag?post=5328"}],"curies":[{"name":"wp","href":"https:\/\/api.w.org\/{rel}","templated":true}]}}