{"id":534,"date":"2000-02-29T00:00:00","date_gmt":"2000-02-29T00:00:00","guid":{"rendered":"https:\/\/miners.rocks\/product\/95\/"},"modified":"2020-05-19T16:55:39","modified_gmt":"2020-05-19T16:55:39","slug":"uruguay-amethyste-xx","status":"publish","type":"product","link":"https:\/\/westgem.shop\/fr\/produit\/uruguay-amethyste-xx\/","title":{"rendered":"Uruguay - Am\u00e9thyste xx"},"content":{"rendered":"<p>Couleur naturelle de premi\u00e8re qualit\u00e9 avec matrice naturelle - pas comme les am\u00e9thystes br\u00e9siliennes avec du b\u00e9ton color\u00e9 en vert !<\/p>\n<p>poids : 3.00 kg<\/p>\n<p>Dimensions : 25 x 16 x 5 cm Lieu de d\u00e9couverte : Artigas - Uruguay<\/p>","protected":false},"excerpt":{"rendered":"<p>Couleur naturelle de premi\u00e8re qualit\u00e9 avec matrice naturelle - pas comme les am\u00e9thystes br\u00e9siliennes avec b\u00e9ton color\u00e9 en vert ! Poids : 3.00 kg Dimensions : 25 x 16 x 5 cm Lieu de d\u00e9couverte : Artigas - Uruguay<\/p>","protected":false},"featured_media":535,"template":"","meta":{"_acf_changed":false},"region":[],"product_brand":[],"product_cat":[15],"product_tag":[],"class_list":{"0":"post-534","1":"product","2":"type-product","3":"status-publish","4":"has-post-thumbnail","6":"product_cat-mineralien","8":"first","9":"outofstock","10":"sold-individually","11":"product-type-simple"},"acf":[],"_links":{"self":[{"href":"https:\/\/westgem.shop\/fr\/wp-json\/wp\/v2\/product\/534","targetHints":{"allow":["GET"]}}],"collection":[{"href":"https:\/\/westgem.shop\/fr\/wp-json\/wp\/v2\/product"}],"about":[{"href":"https:\/\/westgem.shop\/fr\/wp-json\/wp\/v2\/types\/product"}],"wp:featuredmedia":[{"embeddable":true,"href":"https:\/\/westgem.shop\/fr\/wp-json\/wp\/v2\/media\/535"}],"wp:attachment":[{"href":"https:\/\/westgem.shop\/fr\/wp-json\/wp\/v2\/media?parent=534"}],"wp:term":[{"taxonomy":"region","embeddable":true,"href":"https:\/\/westgem.shop\/fr\/wp-json\/wp\/v2\/region?post=534"},{"taxonomy":"product_brand","embeddable":true,"href":"https:\/\/westgem.shop\/fr\/wp-json\/wp\/v2\/product_brand?post=534"},{"taxonomy":"product_cat","embeddable":true,"href":"https:\/\/westgem.shop\/fr\/wp-json\/wp\/v2\/product_cat?post=534"},{"taxonomy":"product_tag","embeddable":true,"href":"https:\/\/westgem.shop\/fr\/wp-json\/wp\/v2\/product_tag?post=534"}],"curies":[{"name":"wp","href":"https:\/\/api.w.org\/{rel}","templated":true}]}}