{"id":5348,"date":"2002-08-15T00:00:00","date_gmt":"2002-08-15T00:00:00","guid":{"rendered":"https:\/\/miners.rocks\/product\/tigereisen-suedafrika-3\/"},"modified":"2020-05-19T17:04:10","modified_gmt":"2020-05-19T17:04:10","slug":"voyage-tigre-afrique-du-sud-3","status":"publish","type":"product","link":"https:\/\/westgem.shop\/fr\/produit\/voyage-tigre-afrique-du-sud-3\/","title":{"rendered":"Voyages en tigre - AFRIQUE DU SUD"},"content":{"rendered":"<p>Tr\u00e8s belle plaque polie \u00e0 la main Fer Tigre<\/p>\n<p>Jaspe rouge-brun, \u0153il de tigre dor\u00e9 et couches de magn\u00e9tite m\u00e9tallique.<\/p>\n<p>Bandet Iron Mine - TRANSVAAL<\/p>\n<p>AFRIQUE DU SUD<\/p>\n<p>Poids : 0,5 kilogramme Dimensions : 15 x 10 x 1 cm<\/p>","protected":false},"excerpt":{"rendered":"<p>Tr\u00e8s belle plaque en fer tigr\u00e9 polie \u00e0 la main Jaspe brun rouge, oeil de tigre dor\u00e9 brillant et couches de magn\u00e9tite m\u00e9tallique. Bandet Iron Mine - TRANSVAAL AFRIQUE DU SUD Poids : 0,5 kilogramme Dimensions : 15 x 10 x 1 cm<\/p>","protected":false},"featured_media":5349,"template":"","meta":{"_acf_changed":false},"region":[],"product_brand":[],"product_cat":[15],"product_tag":[],"class_list":{"0":"post-5348","1":"product","2":"type-product","3":"status-publish","4":"has-post-thumbnail","6":"product_cat-mineralien","8":"first","9":"outofstock","10":"sold-individually","11":"product-type-simple"},"acf":[],"_links":{"self":[{"href":"https:\/\/westgem.shop\/fr\/wp-json\/wp\/v2\/product\/5348","targetHints":{"allow":["GET"]}}],"collection":[{"href":"https:\/\/westgem.shop\/fr\/wp-json\/wp\/v2\/product"}],"about":[{"href":"https:\/\/westgem.shop\/fr\/wp-json\/wp\/v2\/types\/product"}],"wp:featuredmedia":[{"embeddable":true,"href":"https:\/\/westgem.shop\/fr\/wp-json\/wp\/v2\/media\/5349"}],"wp:attachment":[{"href":"https:\/\/westgem.shop\/fr\/wp-json\/wp\/v2\/media?parent=5348"}],"wp:term":[{"taxonomy":"region","embeddable":true,"href":"https:\/\/westgem.shop\/fr\/wp-json\/wp\/v2\/region?post=5348"},{"taxonomy":"product_brand","embeddable":true,"href":"https:\/\/westgem.shop\/fr\/wp-json\/wp\/v2\/product_brand?post=5348"},{"taxonomy":"product_cat","embeddable":true,"href":"https:\/\/westgem.shop\/fr\/wp-json\/wp\/v2\/product_cat?post=5348"},{"taxonomy":"product_tag","embeddable":true,"href":"https:\/\/westgem.shop\/fr\/wp-json\/wp\/v2\/product_tag?post=5348"}],"curies":[{"name":"wp","href":"https:\/\/api.w.org\/{rel}","templated":true}]}}