{"id":5352,"date":"2002-08-16T00:00:00","date_gmt":"2002-08-16T00:00:00","guid":{"rendered":"https:\/\/miners.rocks\/product\/rote-turmaline-xx-nigeria-2\/"},"modified":"2020-05-19T17:04:11","modified_gmt":"2020-05-19T17:04:11","slug":"tourmaline-rouge-xx-nigeria-2","status":"publish","type":"product","link":"https:\/\/westgem.shop\/fr\/produit\/tourmaline-rouge-xx-nigeria-2\/","title":{"rendered":"TURMALINE rouge xx - NIGERIA"},"content":{"rendered":"<p>TURMALINE rouge vif vari\u00e9t\u00e9 RUBELLITE dans du FELDSPAT blanc et des parts de mica LITHIUM violet = LEPIDOLITH<\/p>\n<p>Ancienne pi\u00e8ce de 2001 de JOS PLATEAU - NIGERIA<\/p>\n<p>Poids : 220 g Dimensions : 8,5 x 6 x 5 cm<\/p>","protected":false},"excerpt":{"rendered":"<p>TURMALINE rouge vif vari\u00e9t\u00e9 RUBELLITE dans du FELDSPAT blanc et des parties de mica LITHIUM violet = LEPIDOLITH Ancienne pi\u00e8ce de 2001 de JOS PLATEAU - NIGERIA Poids : 220 g Dimensions : 8,5 x 6 x 5 cm<\/p>","protected":false},"featured_media":5353,"template":"","meta":{"_acf_changed":false},"region":[],"product_brand":[],"product_cat":[15],"product_tag":[],"class_list":{"0":"post-5352","1":"product","2":"type-product","3":"status-publish","4":"has-post-thumbnail","6":"product_cat-mineralien","8":"first","9":"outofstock","10":"sold-individually","11":"product-type-simple"},"acf":[],"_links":{"self":[{"href":"https:\/\/westgem.shop\/fr\/wp-json\/wp\/v2\/product\/5352","targetHints":{"allow":["GET"]}}],"collection":[{"href":"https:\/\/westgem.shop\/fr\/wp-json\/wp\/v2\/product"}],"about":[{"href":"https:\/\/westgem.shop\/fr\/wp-json\/wp\/v2\/types\/product"}],"wp:featuredmedia":[{"embeddable":true,"href":"https:\/\/westgem.shop\/fr\/wp-json\/wp\/v2\/media\/5353"}],"wp:attachment":[{"href":"https:\/\/westgem.shop\/fr\/wp-json\/wp\/v2\/media?parent=5352"}],"wp:term":[{"taxonomy":"region","embeddable":true,"href":"https:\/\/westgem.shop\/fr\/wp-json\/wp\/v2\/region?post=5352"},{"taxonomy":"product_brand","embeddable":true,"href":"https:\/\/westgem.shop\/fr\/wp-json\/wp\/v2\/product_brand?post=5352"},{"taxonomy":"product_cat","embeddable":true,"href":"https:\/\/westgem.shop\/fr\/wp-json\/wp\/v2\/product_cat?post=5352"},{"taxonomy":"product_tag","embeddable":true,"href":"https:\/\/westgem.shop\/fr\/wp-json\/wp\/v2\/product_tag?post=5352"}],"curies":[{"name":"wp","href":"https:\/\/api.w.org\/{rel}","templated":true}]}}