{"id":5356,"date":"2002-08-17T00:00:00","date_gmt":"2002-08-17T00:00:00","guid":{"rendered":"https:\/\/miners.rocks\/product\/mangano-calcit-xx-pyrit-xx-2\/"},"modified":"2020-05-19T17:04:11","modified_gmt":"2020-05-19T17:04:11","slug":"manganese-calcite-xx-pyrite-xx-2","status":"publish","type":"product","link":"https:\/\/westgem.shop\/fr\/produit\/manganese-calcite-xx-pyrite-xx-2\/","title":{"rendered":"Mangano CALCIT xx PYRIT xx"},"content":{"rendered":"<p>De vieilles d\u00e9couvertes \u00e0 Basto Bueno - ANCASH R\u00e9gion ANDEN -PERU.<\/p>\n<p>MANGANO CALCITE de couleur blanc-ros\u00e9 avec des surfaces terminales et des cristaux PYRIT tr\u00e8s brillants avec les rainures de croissance typiques.<\/p>\n<p>La derni\u00e8re ! Pi\u00e8ce d'un lot de l'ann\u00e9e 1977<\/p>\n<p>Poids : 240 g Dimensions : 9 x 8 x 8 cm<\/p>\n<p>La derni\u00e8re image montre la face inf\u00e9rieure.<\/p>","protected":false},"excerpt":{"rendered":"<p>Provenant de d\u00e9couvertes anciennes \u00e0 Basto Bueno - R\u00e9gion ANCASH ANDEN -PERU. MANGANO CALCITE blanc-ros\u00e9 avec des faces terminales et des cristaux de PYRITE tr\u00e8s brillants avec des rainures de croissance typiques. La derni\u00e8re ! Pi\u00e8ce provenant d'un lot de 1977 Poids : 240 g Dimensions : 9 x 8 x 8 cm La derni\u00e8re photo montre la face inf\u00e9rieure.<\/p>","protected":false},"featured_media":5357,"template":"","meta":{"_acf_changed":false},"region":[],"product_brand":[],"product_cat":[15],"product_tag":[],"class_list":{"0":"post-5356","1":"product","2":"type-product","3":"status-publish","4":"has-post-thumbnail","6":"product_cat-mineralien","8":"first","9":"outofstock","10":"sold-individually","11":"product-type-simple"},"acf":[],"_links":{"self":[{"href":"https:\/\/westgem.shop\/fr\/wp-json\/wp\/v2\/product\/5356","targetHints":{"allow":["GET"]}}],"collection":[{"href":"https:\/\/westgem.shop\/fr\/wp-json\/wp\/v2\/product"}],"about":[{"href":"https:\/\/westgem.shop\/fr\/wp-json\/wp\/v2\/types\/product"}],"wp:featuredmedia":[{"embeddable":true,"href":"https:\/\/westgem.shop\/fr\/wp-json\/wp\/v2\/media\/5357"}],"wp:attachment":[{"href":"https:\/\/westgem.shop\/fr\/wp-json\/wp\/v2\/media?parent=5356"}],"wp:term":[{"taxonomy":"region","embeddable":true,"href":"https:\/\/westgem.shop\/fr\/wp-json\/wp\/v2\/region?post=5356"},{"taxonomy":"product_brand","embeddable":true,"href":"https:\/\/westgem.shop\/fr\/wp-json\/wp\/v2\/product_brand?post=5356"},{"taxonomy":"product_cat","embeddable":true,"href":"https:\/\/westgem.shop\/fr\/wp-json\/wp\/v2\/product_cat?post=5356"},{"taxonomy":"product_tag","embeddable":true,"href":"https:\/\/westgem.shop\/fr\/wp-json\/wp\/v2\/product_tag?post=5356"}],"curies":[{"name":"wp","href":"https:\/\/api.w.org\/{rel}","templated":true}]}}