{"id":5361,"date":"2002-08-18T00:00:00","date_gmt":"2002-08-18T00:00:00","guid":{"rendered":"https:\/\/miners.rocks\/product\/amethyst-aa-extra-becker-mine\/"},"modified":"2020-05-19T17:04:13","modified_gmt":"2020-05-19T17:04:13","slug":"amethyst-aa-extra-becker-mine","status":"publish","type":"product","link":"https:\/\/westgem.shop\/fr\/produit\/amethyst-aa-extra-becker-mine\/","title":{"rendered":"AMETHYST AA Extra - Mine Becker"},"content":{"rendered":"<p>Violet profond (couleur naturelle !) AMETHYST xx sur nature ! Roche-m\u00e8re<\/p>\n<p>Qualit\u00e9 AA Extra de la MINE BECKER \u00e0 ARTIGAS <\/p>\n<p>URUGUAY<\/p>\n<p>Poids : 420 g Dimensions : 12 x 9 x 5 cm<\/p>","protected":false},"excerpt":{"rendered":"<p>Violet profond (couleur naturelle !) AMETHYST xx sur nature ! Pierre m\u00e8re qualit\u00e9 AA Extra de la MINE BECKER \u00e0 ARTIGAS URUGUAY Poids : 420 g Dimensions : 12 x 9 x 5 cm<\/p>","protected":false},"featured_media":5362,"template":"","meta":{"_acf_changed":false},"region":[],"product_brand":[],"product_cat":[15],"product_tag":[],"class_list":{"0":"post-5361","1":"product","2":"type-product","3":"status-publish","4":"has-post-thumbnail","6":"product_cat-mineralien","8":"first","9":"outofstock","10":"sold-individually","11":"product-type-simple"},"acf":[],"_links":{"self":[{"href":"https:\/\/westgem.shop\/fr\/wp-json\/wp\/v2\/product\/5361","targetHints":{"allow":["GET"]}}],"collection":[{"href":"https:\/\/westgem.shop\/fr\/wp-json\/wp\/v2\/product"}],"about":[{"href":"https:\/\/westgem.shop\/fr\/wp-json\/wp\/v2\/types\/product"}],"wp:featuredmedia":[{"embeddable":true,"href":"https:\/\/westgem.shop\/fr\/wp-json\/wp\/v2\/media\/5362"}],"wp:attachment":[{"href":"https:\/\/westgem.shop\/fr\/wp-json\/wp\/v2\/media?parent=5361"}],"wp:term":[{"taxonomy":"region","embeddable":true,"href":"https:\/\/westgem.shop\/fr\/wp-json\/wp\/v2\/region?post=5361"},{"taxonomy":"product_brand","embeddable":true,"href":"https:\/\/westgem.shop\/fr\/wp-json\/wp\/v2\/product_brand?post=5361"},{"taxonomy":"product_cat","embeddable":true,"href":"https:\/\/westgem.shop\/fr\/wp-json\/wp\/v2\/product_cat?post=5361"},{"taxonomy":"product_tag","embeddable":true,"href":"https:\/\/westgem.shop\/fr\/wp-json\/wp\/v2\/product_tag?post=5361"}],"curies":[{"name":"wp","href":"https:\/\/api.w.org\/{rel}","templated":true}]}}