{"id":5366,"date":"2002-08-19T00:00:00","date_gmt":"2002-08-19T00:00:00","guid":{"rendered":"https:\/\/miners.rocks\/product\/rosenquarz-aaa-top-qualitaet\/"},"modified":"2020-05-19T17:04:13","modified_gmt":"2020-05-19T17:04:13","slug":"quartz-rose-aaa-top-qualite","status":"publish","type":"product","link":"https:\/\/westgem.shop\/fr\/produit\/quartz-rose-aaa-top-qualite\/","title":{"rendered":"ROSENQUARZ AA(A) - TOP qualit\u00e9"},"content":{"rendered":"<p>Quarz rose brut de premi\u00e8re qualit\u00e9 AA(A)<\/p>\n<p>Transparent - Cristallin - Pointes couleur naturelle<\/p>\n<p>Mine d'Ambojabao - Madagascar<\/p>\n<p>Poids : 700 g Dimensions : 12 x 10 x 6 cm<\/p>","protected":false},"excerpt":{"rendered":"<p>QUARTZ ROSE de premi\u00e8re qualit\u00e9 BRUT Qualit\u00e9 AA(A) Transparent - Cristallin - Pointes Couleur naturelle Mine d'Ambojabao - Madagascar Poids : 700 g Dimensions : 12 x 10 x 6 cm<\/p>","protected":false},"featured_media":5367,"template":"","meta":{"_acf_changed":false},"region":[],"product_brand":[],"product_cat":[15],"product_tag":[],"class_list":{"0":"post-5366","1":"product","2":"type-product","3":"status-publish","4":"has-post-thumbnail","6":"product_cat-mineralien","8":"first","9":"outofstock","10":"sold-individually","11":"product-type-simple"},"acf":[],"_links":{"self":[{"href":"https:\/\/westgem.shop\/fr\/wp-json\/wp\/v2\/product\/5366","targetHints":{"allow":["GET"]}}],"collection":[{"href":"https:\/\/westgem.shop\/fr\/wp-json\/wp\/v2\/product"}],"about":[{"href":"https:\/\/westgem.shop\/fr\/wp-json\/wp\/v2\/types\/product"}],"wp:featuredmedia":[{"embeddable":true,"href":"https:\/\/westgem.shop\/fr\/wp-json\/wp\/v2\/media\/5367"}],"wp:attachment":[{"href":"https:\/\/westgem.shop\/fr\/wp-json\/wp\/v2\/media?parent=5366"}],"wp:term":[{"taxonomy":"region","embeddable":true,"href":"https:\/\/westgem.shop\/fr\/wp-json\/wp\/v2\/region?post=5366"},{"taxonomy":"product_brand","embeddable":true,"href":"https:\/\/westgem.shop\/fr\/wp-json\/wp\/v2\/product_brand?post=5366"},{"taxonomy":"product_cat","embeddable":true,"href":"https:\/\/westgem.shop\/fr\/wp-json\/wp\/v2\/product_cat?post=5366"},{"taxonomy":"product_tag","embeddable":true,"href":"https:\/\/westgem.shop\/fr\/wp-json\/wp\/v2\/product_tag?post=5366"}],"curies":[{"name":"wp","href":"https:\/\/api.w.org\/{rel}","templated":true}]}}