{"id":537,"date":"2000-03-01T00:00:00","date_gmt":"2000-03-01T00:00:00","guid":{"rendered":"https:\/\/miners.rocks\/product\/96\/"},"modified":"2020-05-19T16:55:40","modified_gmt":"2020-05-19T16:55:40","slug":"tete-de-cheval-en-malachite","status":"publish","type":"product","link":"https:\/\/westgem.shop\/fr\/produit\/tete-de-cheval-en-malachite\/","title":{"rendered":"T\u00eate de cheval en malachite"},"content":{"rendered":"<p>Sculpt\u00e9 \u00e0 la main \u00e0 partir d'une seule pi\u00e8ce de malachite tr\u00e8s compacte<br \/>\nBien s\u00fbr, il s'agit d'une pi\u00e8ce unique et, sp\u00e9cialement pour les amateurs de chevaux, elle attire le regard, par exemple sur un bureau ...<\/p>\n<p>Poids : 310 grammes Dimensions : 8 x 10 x 3 cm<\/p>\n<p>localisation de la trouvaille : Shaba - Congo - Afrique du ciment<\/p>","protected":false},"excerpt":{"rendered":"<p>Sculpt\u00e9 \u00e0 la main \u00e0 partir d'une seule pi\u00e8ce de malachite tr\u00e8s compacte Bien s\u00fbr, c'est une pi\u00e8ce unique et sp\u00e9cialement pour les amateurs de chevaux, elle attire le regard, par exemple sur un bureau ... Poids : 310 grammes Dimensions : 8 x 10 x 3 cm Lieu de d\u00e9couverte de la mati\u00e8re premi\u00e8re : Shaba - Congo - Afrique du Cembre<\/p>","protected":false},"featured_media":538,"template":"","meta":{"_acf_changed":false},"region":[],"product_brand":[],"product_cat":[15],"product_tag":[],"class_list":{"0":"post-537","1":"product","2":"type-product","3":"status-publish","4":"has-post-thumbnail","6":"product_cat-mineralien","8":"first","9":"outofstock","10":"sold-individually","11":"product-type-simple"},"acf":[],"_links":{"self":[{"href":"https:\/\/westgem.shop\/fr\/wp-json\/wp\/v2\/product\/537","targetHints":{"allow":["GET"]}}],"collection":[{"href":"https:\/\/westgem.shop\/fr\/wp-json\/wp\/v2\/product"}],"about":[{"href":"https:\/\/westgem.shop\/fr\/wp-json\/wp\/v2\/types\/product"}],"wp:featuredmedia":[{"embeddable":true,"href":"https:\/\/westgem.shop\/fr\/wp-json\/wp\/v2\/media\/538"}],"wp:attachment":[{"href":"https:\/\/westgem.shop\/fr\/wp-json\/wp\/v2\/media?parent=537"}],"wp:term":[{"taxonomy":"region","embeddable":true,"href":"https:\/\/westgem.shop\/fr\/wp-json\/wp\/v2\/region?post=537"},{"taxonomy":"product_brand","embeddable":true,"href":"https:\/\/westgem.shop\/fr\/wp-json\/wp\/v2\/product_brand?post=537"},{"taxonomy":"product_cat","embeddable":true,"href":"https:\/\/westgem.shop\/fr\/wp-json\/wp\/v2\/product_cat?post=537"},{"taxonomy":"product_tag","embeddable":true,"href":"https:\/\/westgem.shop\/fr\/wp-json\/wp\/v2\/product_tag?post=537"}],"curies":[{"name":"wp","href":"https:\/\/api.w.org\/{rel}","templated":true}]}}