{"id":5381,"date":"2002-08-22T00:00:00","date_gmt":"2002-08-22T00:00:00","guid":{"rendered":"https:\/\/miners.rocks\/product\/amethyst-xx-aa-extra-2\/"},"modified":"2020-05-19T17:04:16","modified_gmt":"2020-05-19T17:04:16","slug":"amethyst-xx-aa-extra-2","status":"publish","type":"product","link":"https:\/\/westgem.shop\/fr\/produit\/amethyst-xx-aa-extra-2\/","title":{"rendered":"AMETHYST xx - AA EXTRA"},"content":{"rendered":"<p>Superbe AMETHYSTE xx d'un violet fonc\u00e9 intense avec matrice naturelle CHALCEDON (pas comme les am\u00e9thystes bon march\u00e9 du Br\u00e9sil avec une \u00e9corce de b\u00e9ton vert !)<\/p>\n<p>Qualit\u00e9 AA EXTRA<\/p>\n<p>BECKER MINE - ARTIGAS - URUGUAY<\/p>\n<p>Poids : 700 g Dimensions : 15 x 7 x 6 cm<\/p>","protected":false},"excerpt":{"rendered":"<p>Superbe AMETHYSTE xx violet fonc\u00e9 intense avec matrice naturelle CHALCEDON ( pas comme les am\u00e9thystes bon march\u00e9 du Br\u00e9sil avec \u00e9corce de b\u00e9ton vert !) Qualit\u00e9 AA EXTRA BECKER MINE - ARTIGAS - URUGUAY Poids : 700 g Dimensions : 15 x 7 x 6 cm<\/p>","protected":false},"featured_media":5382,"template":"","meta":{"_acf_changed":false},"region":[],"product_brand":[],"product_cat":[15],"product_tag":[],"class_list":{"0":"post-5381","1":"product","2":"type-product","3":"status-publish","4":"has-post-thumbnail","6":"product_cat-mineralien","8":"first","9":"outofstock","10":"sold-individually","11":"product-type-simple"},"acf":[],"_links":{"self":[{"href":"https:\/\/westgem.shop\/fr\/wp-json\/wp\/v2\/product\/5381","targetHints":{"allow":["GET"]}}],"collection":[{"href":"https:\/\/westgem.shop\/fr\/wp-json\/wp\/v2\/product"}],"about":[{"href":"https:\/\/westgem.shop\/fr\/wp-json\/wp\/v2\/types\/product"}],"wp:featuredmedia":[{"embeddable":true,"href":"https:\/\/westgem.shop\/fr\/wp-json\/wp\/v2\/media\/5382"}],"wp:attachment":[{"href":"https:\/\/westgem.shop\/fr\/wp-json\/wp\/v2\/media?parent=5381"}],"wp:term":[{"taxonomy":"region","embeddable":true,"href":"https:\/\/westgem.shop\/fr\/wp-json\/wp\/v2\/region?post=5381"},{"taxonomy":"product_brand","embeddable":true,"href":"https:\/\/westgem.shop\/fr\/wp-json\/wp\/v2\/product_brand?post=5381"},{"taxonomy":"product_cat","embeddable":true,"href":"https:\/\/westgem.shop\/fr\/wp-json\/wp\/v2\/product_cat?post=5381"},{"taxonomy":"product_tag","embeddable":true,"href":"https:\/\/westgem.shop\/fr\/wp-json\/wp\/v2\/product_tag?post=5381"}],"curies":[{"name":"wp","href":"https:\/\/api.w.org\/{rel}","templated":true}]}}