{"id":5385,"date":"2002-08-23T00:00:00","date_gmt":"2002-08-23T00:00:00","guid":{"rendered":"https:\/\/miners.rocks\/product\/thulit-norwegen-2\/"},"modified":"2020-05-19T17:04:16","modified_gmt":"2020-05-19T17:04:16","slug":"thulit-norvege-2","status":"publish","type":"product","link":"https:\/\/westgem.shop\/fr\/produit\/thulit-norvege-2\/","title":{"rendered":"THULITE - NORV\u00c8GE"},"content":{"rendered":"<p>La THULITE est une vari\u00e9t\u00e9 rose et MANGAN\u00c9E du min\u00e9ral ZOISITE. Ce min\u00e9ral ne se pr\u00e9sente qu'en masses grossi\u00e8res - pas de cristaux avec des faces terminales.<\/p>\n<p>De beaux mat\u00e9riaux sont taill\u00e9s en pierres pr\u00e9cieuses.<\/p>\n<p>Le nom fait r\u00e9f\u00e9rence \u00e0 l'\u00eele l\u00e9gendaire de THULE.<\/p>\n<p>Lieu de d\u00e9couverte : LOM - NORV\u00c8GE<\/p>\n<p>Poids : 220 g Dimensions : 9 x 5 x 4 cm<\/p>","protected":false},"excerpt":{"rendered":"<p>La THULITE est une vari\u00e9t\u00e9 rose et MANGAN\u00c9E du min\u00e9ral ZOISITE. Ce min\u00e9ral ne se pr\u00e9sente qu'en masses grossi\u00e8res - pas de cristaux avec des faces terminales. Les belles mati\u00e8res sont taill\u00e9es en pierres pr\u00e9cieuses. Le nom fait r\u00e9f\u00e9rence \u00e0 l'\u00eele l\u00e9gendaire de THULE. Lieu de d\u00e9couverte : LOM - NORV\u00c8GE Poids : 220 g Dimensions : 9 x 5 x 4 cm<\/p>","protected":false},"featured_media":5386,"template":"","meta":{"_acf_changed":false},"region":[],"product_brand":[],"product_cat":[15],"product_tag":[],"class_list":{"0":"post-5385","1":"product","2":"type-product","3":"status-publish","4":"has-post-thumbnail","6":"product_cat-mineralien","8":"first","9":"outofstock","10":"sold-individually","11":"product-type-simple"},"acf":[],"_links":{"self":[{"href":"https:\/\/westgem.shop\/fr\/wp-json\/wp\/v2\/product\/5385","targetHints":{"allow":["GET"]}}],"collection":[{"href":"https:\/\/westgem.shop\/fr\/wp-json\/wp\/v2\/product"}],"about":[{"href":"https:\/\/westgem.shop\/fr\/wp-json\/wp\/v2\/types\/product"}],"wp:featuredmedia":[{"embeddable":true,"href":"https:\/\/westgem.shop\/fr\/wp-json\/wp\/v2\/media\/5386"}],"wp:attachment":[{"href":"https:\/\/westgem.shop\/fr\/wp-json\/wp\/v2\/media?parent=5385"}],"wp:term":[{"taxonomy":"region","embeddable":true,"href":"https:\/\/westgem.shop\/fr\/wp-json\/wp\/v2\/region?post=5385"},{"taxonomy":"product_brand","embeddable":true,"href":"https:\/\/westgem.shop\/fr\/wp-json\/wp\/v2\/product_brand?post=5385"},{"taxonomy":"product_cat","embeddable":true,"href":"https:\/\/westgem.shop\/fr\/wp-json\/wp\/v2\/product_cat?post=5385"},{"taxonomy":"product_tag","embeddable":true,"href":"https:\/\/westgem.shop\/fr\/wp-json\/wp\/v2\/product_tag?post=5385"}],"curies":[{"name":"wp","href":"https:\/\/api.w.org\/{rel}","templated":true}]}}