{"id":5389,"date":"2002-08-24T00:00:00","date_gmt":"2002-08-24T00:00:00","guid":{"rendered":"https:\/\/miners.rocks\/product\/hochalpin-fluorit-xx-2\/"},"modified":"2020-05-19T17:04:17","modified_gmt":"2020-05-19T17:04:17","slug":"fluorite-de-haute-montagne-xx-2","status":"publish","type":"product","link":"https:\/\/westgem.shop\/fr\/produit\/fluorite-de-haute-montagne-xx-2\/","title":{"rendered":"Hautes Alpes FLUORIT xx"},"content":{"rendered":"<p>Cristaux de FLUORITE violet fonc\u00e9 dans la roche m\u00e8re<\/p>\n<p>La derni\u00e8re image est la face inf\u00e9rieure.<\/p>\n<p>WEISECK -<\/p>\n<p>HOHE TAUERN - SALZBOURG<\/p>\n<p>Poids : 60 g Dimensions : 7 x 5,5 x 2,5 cm<\/p>","protected":false},"excerpt":{"rendered":"<p>Cristaux de FLUORITE violet fonc\u00e9 dans la roche m\u00e8re La derni\u00e8re photo est la face inf\u00e9rieure. WEISECK - HOHE TAUERN - SALZBURG Poids : 60 g Dimensions : 7 x 5,5 x 2,5 cm<\/p>","protected":false},"featured_media":5390,"template":"","meta":{"_acf_changed":false},"region":[],"product_brand":[],"product_cat":[15],"product_tag":[],"class_list":{"0":"post-5389","1":"product","2":"type-product","3":"status-publish","4":"has-post-thumbnail","6":"product_cat-mineralien","8":"first","9":"outofstock","10":"sold-individually","11":"product-type-simple"},"acf":[],"_links":{"self":[{"href":"https:\/\/westgem.shop\/fr\/wp-json\/wp\/v2\/product\/5389","targetHints":{"allow":["GET"]}}],"collection":[{"href":"https:\/\/westgem.shop\/fr\/wp-json\/wp\/v2\/product"}],"about":[{"href":"https:\/\/westgem.shop\/fr\/wp-json\/wp\/v2\/types\/product"}],"wp:featuredmedia":[{"embeddable":true,"href":"https:\/\/westgem.shop\/fr\/wp-json\/wp\/v2\/media\/5390"}],"wp:attachment":[{"href":"https:\/\/westgem.shop\/fr\/wp-json\/wp\/v2\/media?parent=5389"}],"wp:term":[{"taxonomy":"region","embeddable":true,"href":"https:\/\/westgem.shop\/fr\/wp-json\/wp\/v2\/region?post=5389"},{"taxonomy":"product_brand","embeddable":true,"href":"https:\/\/westgem.shop\/fr\/wp-json\/wp\/v2\/product_brand?post=5389"},{"taxonomy":"product_cat","embeddable":true,"href":"https:\/\/westgem.shop\/fr\/wp-json\/wp\/v2\/product_cat?post=5389"},{"taxonomy":"product_tag","embeddable":true,"href":"https:\/\/westgem.shop\/fr\/wp-json\/wp\/v2\/product_tag?post=5389"}],"curies":[{"name":"wp","href":"https:\/\/api.w.org\/{rel}","templated":true}]}}