{"id":5394,"date":"2002-08-25T00:00:00","date_gmt":"2002-08-25T00:00:00","guid":{"rendered":"https:\/\/miners.rocks\/product\/tigereisen-aa-suedafrika-2\/"},"modified":"2020-05-19T17:04:17","modified_gmt":"2020-05-19T17:04:17","slug":"voyage-tigre-aa-afrique-du-sud-2","status":"publish","type":"product","link":"https:\/\/westgem.shop\/fr\/produit\/voyage-tigre-aa-afrique-du-sud-2\/","title":{"rendered":"Voyage Tigre AA - AFRIQUE DU SUD"},"content":{"rendered":"<p>Fer de tigre de premi\u00e8re qualit\u00e9 = alternance de couches de<\/p>\n<p>Jaspe brun rouge avec \u0153il de tigre dor\u00e9 et magn\u00e9tite m\u00e9lamine brillante<\/p>\n<p>Top poli sur les deux faces - Haute brillance<\/p>\n<p>Poids : 320 g Dimensions : 10 x 10 x 1 cm <\/p>\n<p>Lieu de d\u00e9couverte de la mati\u00e8re premi\u00e8re : _Mine de fer de Bandet - TRANSVAAL<\/p>\n<p>AFRIQUE DU SUD<\/p>","protected":false},"excerpt":{"rendered":"<p>Fer de tigre de premi\u00e8re qualit\u00e9 = alternance de couches de jaspe brun rouge avec de l'\u0153il de tigre dor\u00e9 et de la magn\u00e9tite m\u00e9lamine brillante Top poli des deux c\u00f4t\u00e9s - Brillant Poids : 320 g Dimensions : 10 x 10 x 1 cm Lieu de d\u00e9couverte de la mati\u00e8re premi\u00e8re : _Bandet Iron Mine - TRANSVAAL AFRIQUE DU SUD<\/p>","protected":false},"featured_media":5395,"template":"","meta":{"_acf_changed":false},"region":[],"product_brand":[],"product_cat":[15],"product_tag":[],"class_list":{"0":"post-5394","1":"product","2":"type-product","3":"status-publish","4":"has-post-thumbnail","6":"product_cat-mineralien","8":"first","9":"outofstock","10":"sold-individually","11":"product-type-simple"},"acf":[],"_links":{"self":[{"href":"https:\/\/westgem.shop\/fr\/wp-json\/wp\/v2\/product\/5394","targetHints":{"allow":["GET"]}}],"collection":[{"href":"https:\/\/westgem.shop\/fr\/wp-json\/wp\/v2\/product"}],"about":[{"href":"https:\/\/westgem.shop\/fr\/wp-json\/wp\/v2\/types\/product"}],"wp:featuredmedia":[{"embeddable":true,"href":"https:\/\/westgem.shop\/fr\/wp-json\/wp\/v2\/media\/5395"}],"wp:attachment":[{"href":"https:\/\/westgem.shop\/fr\/wp-json\/wp\/v2\/media?parent=5394"}],"wp:term":[{"taxonomy":"region","embeddable":true,"href":"https:\/\/westgem.shop\/fr\/wp-json\/wp\/v2\/region?post=5394"},{"taxonomy":"product_brand","embeddable":true,"href":"https:\/\/westgem.shop\/fr\/wp-json\/wp\/v2\/product_brand?post=5394"},{"taxonomy":"product_cat","embeddable":true,"href":"https:\/\/westgem.shop\/fr\/wp-json\/wp\/v2\/product_cat?post=5394"},{"taxonomy":"product_tag","embeddable":true,"href":"https:\/\/westgem.shop\/fr\/wp-json\/wp\/v2\/product_tag?post=5394"}],"curies":[{"name":"wp","href":"https:\/\/api.w.org\/{rel}","templated":true}]}}