{"id":5397,"date":"2002-08-26T00:00:00","date_gmt":"2002-08-26T00:00:00","guid":{"rendered":"https:\/\/miners.rocks\/product\/hochalpin-fluorit-xx-hohe-tauern-2\/"},"modified":"2020-05-19T17:04:18","modified_gmt":"2020-05-19T17:04:18","slug":"fluorite-de-haute-montagne-xx-hohe-tauern-2","status":"publish","type":"product","link":"https:\/\/westgem.shop\/fr\/produit\/fluorite-de-haute-montagne-xx-hohe-tauern-2\/","title":{"rendered":"Haute montagne FLUORIT xx - Hohe Tauern"},"content":{"rendered":"<p>Tr\u00e8s beau niveau avec des cristaux violets de FLUORITE sur une roche m\u00e8re.<\/p>\n<p>L'\u00e9chelon provient du WEISECK ( 2.711 m) dans les Hohe Tauern \u00e0 Salzbourg.<\/p>\n<p>Belle CUBE xx.<\/p>\n<p>Poids : 320 g Dimensions : 13 x 5 x 5 cm<\/p>","protected":false},"excerpt":{"rendered":"<p>Tr\u00e8s beau gradin avec des cristaux violets de FLUORITE sur la roche m\u00e8re. L'\u00e9tage provient du WEISECK ( 2.711 m) dans les Hohe Tauern \u00e0 Salzbourg. Beau CUBE xx. Poids : 320 g Dimensions : 13 x 5 x 5 cm<\/p>","protected":false},"featured_media":5398,"template":"","meta":{"_acf_changed":false},"region":[],"product_brand":[],"product_cat":[15],"product_tag":[],"class_list":{"0":"post-5397","1":"product","2":"type-product","3":"status-publish","4":"has-post-thumbnail","6":"product_cat-mineralien","8":"first","9":"outofstock","10":"sold-individually","11":"product-type-simple"},"acf":[],"_links":{"self":[{"href":"https:\/\/westgem.shop\/fr\/wp-json\/wp\/v2\/product\/5397","targetHints":{"allow":["GET"]}}],"collection":[{"href":"https:\/\/westgem.shop\/fr\/wp-json\/wp\/v2\/product"}],"about":[{"href":"https:\/\/westgem.shop\/fr\/wp-json\/wp\/v2\/types\/product"}],"wp:featuredmedia":[{"embeddable":true,"href":"https:\/\/westgem.shop\/fr\/wp-json\/wp\/v2\/media\/5398"}],"wp:attachment":[{"href":"https:\/\/westgem.shop\/fr\/wp-json\/wp\/v2\/media?parent=5397"}],"wp:term":[{"taxonomy":"region","embeddable":true,"href":"https:\/\/westgem.shop\/fr\/wp-json\/wp\/v2\/region?post=5397"},{"taxonomy":"product_brand","embeddable":true,"href":"https:\/\/westgem.shop\/fr\/wp-json\/wp\/v2\/product_brand?post=5397"},{"taxonomy":"product_cat","embeddable":true,"href":"https:\/\/westgem.shop\/fr\/wp-json\/wp\/v2\/product_cat?post=5397"},{"taxonomy":"product_tag","embeddable":true,"href":"https:\/\/westgem.shop\/fr\/wp-json\/wp\/v2\/product_tag?post=5397"}],"curies":[{"name":"wp","href":"https:\/\/api.w.org\/{rel}","templated":true}]}}