{"id":540,"date":"2000-03-02T00:00:00","date_gmt":"2000-03-02T00:00:00","guid":{"rendered":"https:\/\/miners.rocks\/product\/97\/"},"modified":"2020-05-19T16:55:40","modified_gmt":"2020-05-19T16:55:40","slug":"nature-citrine-xx","status":"publish","type":"product","link":"https:\/\/westgem.shop\/fr\/produit\/nature-citrine-xx\/","title":{"rendered":"Nature CITRINE xx"},"content":{"rendered":"<p>\n\tGrand niveau cristallin d'une vari\u00e9t\u00e9 de quartz qui n'est pas tr\u00e8s courante.<\/p>\n<p>\n\tLa CITRINE naturelle n'est en fait rien d'autre que du cristal de roche - sa couleur jaune est due aux ions d'aluminium int\u00e9gr\u00e9s dans la grille de quartz.  Cette constellation n'est apparemment pas tr\u00e8s fr\u00e9quente, c'est pourquoi la CITRINE naturelle est rare.<\/p>\n<p>\n\tC'est pour cette raison que l'am\u00e9thyste br\u00fbl\u00e9e (la couleur violette se transforme en jaune\/orange \u00e0 environ 500 degr\u00e9s C) est vendue en masse sous le nom de \"citrine\" et que l'on peut l'obtenir dans toutes les foires pour quelques euros.<\/p>\n<p>\n\tPoids : 2.90 kilogrammes Dimensions : 20 x 18 x 12 cm<\/p>\n<p>\n\tLieu de d\u00e9couverte : Gisements de citrine de Lwena en R\u00e9publique du Congo - Afrique<\/p><\/p>","protected":false},"excerpt":{"rendered":"<p>Grosse \u00e9tape de cristallisation d'une vari\u00e9t\u00e9 de quartz que l'on ne voit pas tr\u00e8s souvent. La CITRINE naturelle n'est rien d'autre que du cristal de roche - sa couleur jaune est due \u00e0 la pr\u00e9sence d'ions d'aluminium dans le r\u00e9seau de quartz. Cette constellation n'est apparemment pas tr\u00e8s fr\u00e9quente, c'est pourquoi la CITRINE naturelle est rare. C'est pour cette raison que l'on trouve en masse de l'am\u00e9thyste cuite [...].<\/p>","protected":false},"featured_media":541,"template":"","meta":{"_acf_changed":false},"region":[],"product_brand":[],"product_cat":[15],"product_tag":[],"class_list":{"0":"post-540","1":"product","2":"type-product","3":"status-publish","4":"has-post-thumbnail","6":"product_cat-mineralien","8":"first","9":"outofstock","10":"sold-individually","11":"product-type-simple"},"acf":[],"_links":{"self":[{"href":"https:\/\/westgem.shop\/fr\/wp-json\/wp\/v2\/product\/540","targetHints":{"allow":["GET"]}}],"collection":[{"href":"https:\/\/westgem.shop\/fr\/wp-json\/wp\/v2\/product"}],"about":[{"href":"https:\/\/westgem.shop\/fr\/wp-json\/wp\/v2\/types\/product"}],"wp:featuredmedia":[{"embeddable":true,"href":"https:\/\/westgem.shop\/fr\/wp-json\/wp\/v2\/media\/541"}],"wp:attachment":[{"href":"https:\/\/westgem.shop\/fr\/wp-json\/wp\/v2\/media?parent=540"}],"wp:term":[{"taxonomy":"region","embeddable":true,"href":"https:\/\/westgem.shop\/fr\/wp-json\/wp\/v2\/region?post=540"},{"taxonomy":"product_brand","embeddable":true,"href":"https:\/\/westgem.shop\/fr\/wp-json\/wp\/v2\/product_brand?post=540"},{"taxonomy":"product_cat","embeddable":true,"href":"https:\/\/westgem.shop\/fr\/wp-json\/wp\/v2\/product_cat?post=540"},{"taxonomy":"product_tag","embeddable":true,"href":"https:\/\/westgem.shop\/fr\/wp-json\/wp\/v2\/product_tag?post=540"}],"curies":[{"name":"wp","href":"https:\/\/api.w.org\/{rel}","templated":true}]}}