{"id":5402,"date":"2002-08-27T00:00:00","date_gmt":"2002-08-27T00:00:00","guid":{"rendered":"https:\/\/miners.rocks\/product\/fluorit-nord-afrika\/"},"modified":"2020-05-19T17:04:18","modified_gmt":"2020-05-19T17:04:18","slug":"fluorite-afrique-du-nord","status":"publish","type":"product","link":"https:\/\/westgem.shop\/fr\/produit\/fluorite-afrique-du-nord\/","title":{"rendered":"FLUORITE - AFRIQUE DU NORD"},"content":{"rendered":"<p>Pi\u00e8ce compacte, belle transparence, FLUORITE violette<\/p>\n<p>Bassin minier de Moulaya - ATLASGEBIRGE<\/p>\n<p>AFRIQUE DU NORD<\/p>\n<p>Photographi\u00e9 avec le soleil en arri\u00e8re-plan.<\/p>\n<p>Poids : 400 g Dimensions : 7 x 7 x 6 cm<\/p>","protected":false},"excerpt":{"rendered":"<p>Pi\u00e8ce compacte, belle transparence , FLUORITE violette Moulaya Bassin minier - ATLASGEBIRGE NORD AFRIQUE Photographi\u00e9e avec fond de lumi\u00e8re solaire. Poids : 400 g Dimensions : 7 x 7 x 6 cm<\/p>","protected":false},"featured_media":5403,"template":"","meta":{"_acf_changed":false},"region":[],"product_brand":[],"product_cat":[15],"product_tag":[],"class_list":{"0":"post-5402","1":"product","2":"type-product","3":"status-publish","4":"has-post-thumbnail","6":"product_cat-mineralien","8":"first","9":"outofstock","10":"sold-individually","11":"product-type-simple"},"acf":[],"_links":{"self":[{"href":"https:\/\/westgem.shop\/fr\/wp-json\/wp\/v2\/product\/5402","targetHints":{"allow":["GET"]}}],"collection":[{"href":"https:\/\/westgem.shop\/fr\/wp-json\/wp\/v2\/product"}],"about":[{"href":"https:\/\/westgem.shop\/fr\/wp-json\/wp\/v2\/types\/product"}],"wp:featuredmedia":[{"embeddable":true,"href":"https:\/\/westgem.shop\/fr\/wp-json\/wp\/v2\/media\/5403"}],"wp:attachment":[{"href":"https:\/\/westgem.shop\/fr\/wp-json\/wp\/v2\/media?parent=5402"}],"wp:term":[{"taxonomy":"region","embeddable":true,"href":"https:\/\/westgem.shop\/fr\/wp-json\/wp\/v2\/region?post=5402"},{"taxonomy":"product_brand","embeddable":true,"href":"https:\/\/westgem.shop\/fr\/wp-json\/wp\/v2\/product_brand?post=5402"},{"taxonomy":"product_cat","embeddable":true,"href":"https:\/\/westgem.shop\/fr\/wp-json\/wp\/v2\/product_cat?post=5402"},{"taxonomy":"product_tag","embeddable":true,"href":"https:\/\/westgem.shop\/fr\/wp-json\/wp\/v2\/product_tag?post=5402"}],"curies":[{"name":"wp","href":"https:\/\/api.w.org\/{rel}","templated":true}]}}