{"id":5411,"date":"2002-08-29T00:00:00","date_gmt":"2002-08-29T00:00:00","guid":{"rendered":"https:\/\/miners.rocks\/product\/violetter-fluorit-afrika\/"},"modified":"2020-05-19T17:04:20","modified_gmt":"2020-05-19T17:04:20","slug":"fluorite-violette-africaine","status":"publish","type":"product","link":"https:\/\/westgem.shop\/fr\/produit\/fluorite-violette-africaine\/","title":{"rendered":"FLUORITE violette - AFRIQUE"},"content":{"rendered":"<p>Tr\u00e8s grande FLUORITE violette<\/p>\n<p>un c\u00f4t\u00e9 de la surface de pose. Transparent, translucide, photographi\u00e9 contre la lumi\u00e8re du soleil.<\/p>\n<p>Bassin minier de Moulaya - ATLASGEBIRGE<\/p>\n<p>AFRIQUE DU NORD<\/p>\n<p>Poids : 1,34 kilogramme Dimensions : 11 x 9 x 9 cm<\/p>","protected":false},"excerpt":{"rendered":"<p>Tr\u00e8s grande FLUORITE violette un c\u00f4t\u00e9 coup\u00e9 au sol. Transparent, translucide, photographi\u00e9 contre la lumi\u00e8re du soleil. Bassin minier de Moulaya - MONTAGNE D'ATLASGE AFRIQUE DU NORD Poids : 1,34 kilogramme Dimensions : 11 x 9 x 9 cm<\/p>","protected":false},"featured_media":5412,"template":"","meta":{"_acf_changed":false},"region":[],"product_brand":[],"product_cat":[15],"product_tag":[],"class_list":{"0":"post-5411","1":"product","2":"type-product","3":"status-publish","4":"has-post-thumbnail","6":"product_cat-mineralien","8":"first","9":"outofstock","10":"sold-individually","11":"product-type-simple"},"acf":[],"_links":{"self":[{"href":"https:\/\/westgem.shop\/fr\/wp-json\/wp\/v2\/product\/5411","targetHints":{"allow":["GET"]}}],"collection":[{"href":"https:\/\/westgem.shop\/fr\/wp-json\/wp\/v2\/product"}],"about":[{"href":"https:\/\/westgem.shop\/fr\/wp-json\/wp\/v2\/types\/product"}],"wp:featuredmedia":[{"embeddable":true,"href":"https:\/\/westgem.shop\/fr\/wp-json\/wp\/v2\/media\/5412"}],"wp:attachment":[{"href":"https:\/\/westgem.shop\/fr\/wp-json\/wp\/v2\/media?parent=5411"}],"wp:term":[{"taxonomy":"region","embeddable":true,"href":"https:\/\/westgem.shop\/fr\/wp-json\/wp\/v2\/region?post=5411"},{"taxonomy":"product_brand","embeddable":true,"href":"https:\/\/westgem.shop\/fr\/wp-json\/wp\/v2\/product_brand?post=5411"},{"taxonomy":"product_cat","embeddable":true,"href":"https:\/\/westgem.shop\/fr\/wp-json\/wp\/v2\/product_cat?post=5411"},{"taxonomy":"product_tag","embeddable":true,"href":"https:\/\/westgem.shop\/fr\/wp-json\/wp\/v2\/product_tag?post=5411"}],"curies":[{"name":"wp","href":"https:\/\/api.w.org\/{rel}","templated":true}]}}