{"id":5415,"date":"2002-08-30T00:00:00","date_gmt":"2002-08-30T00:00:00","guid":{"rendered":"https:\/\/miners.rocks\/product\/gruener-opal-madagaskar-2\/"},"modified":"2020-05-19T17:04:20","modified_gmt":"2020-05-19T17:04:20","slug":"opale-verte-de-madagascar-2","status":"publish","type":"product","link":"https:\/\/westgem.shop\/fr\/produit\/opale-verte-de-madagascar-2\/","title":{"rendered":"OPAL vert - Madagascar"},"content":{"rendered":"<p>OPAL vert de Madagascar<\/p>\n<p>Brut massif, ar\u00eate translucide Vari\u00e9t\u00e9 : OPAL commun<\/p>\n<p>Poids : 280 g Dimensions : 9 x 5 x 5 cm<\/p>","protected":false},"excerpt":{"rendered":"<p>OPAL vert de Madagascar Pi\u00e8ce brute massive, bords translucides Vari\u00e9t\u00e9 : OPAL commun Poids : 280 g Dimensions : 9 x 5 x 5 cm<\/p>","protected":false},"featured_media":5416,"template":"","meta":{"_acf_changed":false},"region":[],"product_brand":[],"product_cat":[15],"product_tag":[],"class_list":{"0":"post-5415","1":"product","2":"type-product","3":"status-publish","4":"has-post-thumbnail","6":"product_cat-mineralien","8":"first","9":"outofstock","10":"sold-individually","11":"product-type-simple"},"acf":[],"_links":{"self":[{"href":"https:\/\/westgem.shop\/fr\/wp-json\/wp\/v2\/product\/5415","targetHints":{"allow":["GET"]}}],"collection":[{"href":"https:\/\/westgem.shop\/fr\/wp-json\/wp\/v2\/product"}],"about":[{"href":"https:\/\/westgem.shop\/fr\/wp-json\/wp\/v2\/types\/product"}],"wp:featuredmedia":[{"embeddable":true,"href":"https:\/\/westgem.shop\/fr\/wp-json\/wp\/v2\/media\/5416"}],"wp:attachment":[{"href":"https:\/\/westgem.shop\/fr\/wp-json\/wp\/v2\/media?parent=5415"}],"wp:term":[{"taxonomy":"region","embeddable":true,"href":"https:\/\/westgem.shop\/fr\/wp-json\/wp\/v2\/region?post=5415"},{"taxonomy":"product_brand","embeddable":true,"href":"https:\/\/westgem.shop\/fr\/wp-json\/wp\/v2\/product_brand?post=5415"},{"taxonomy":"product_cat","embeddable":true,"href":"https:\/\/westgem.shop\/fr\/wp-json\/wp\/v2\/product_cat?post=5415"},{"taxonomy":"product_tag","embeddable":true,"href":"https:\/\/westgem.shop\/fr\/wp-json\/wp\/v2\/product_tag?post=5415"}],"curies":[{"name":"wp","href":"https:\/\/api.w.org\/{rel}","templated":true}]}}