{"id":5419,"date":"2002-08-31T00:00:00","date_gmt":"2002-08-31T00:00:00","guid":{"rendered":"https:\/\/miners.rocks\/product\/feuerstein-dekostueck\/"},"modified":"2020-05-19T17:04:21","modified_gmt":"2020-05-19T17:04:21","slug":"briquet-deco","status":"publish","type":"product","link":"https:\/\/westgem.shop\/fr\/produit\/briquet-deco\/","title":{"rendered":"SILEX - PI\u00c8CE D\u00c9CORATIVE"},"content":{"rendered":"<p>Magnifique pi\u00e8ce de DECO pour un bureau.<\/p>\n<p>PIERRE DE CHALCEDON - Polychrome = multicolore<\/p>\n<p>FREEFORM taill\u00e9e \u00e0 la main - polie de tous c\u00f4t\u00e9s. Avec surface d'appui !<\/p>\n<p>ANTSIRABE - Madagascar<\/p>\n<p>Poids : 720 g Dimensions : 12 cm de haut x 8 x 4,5 cm<\/p>","protected":false},"excerpt":{"rendered":"<p>Magnifique pi\u00e8ce de DECO pour un bureau. PIERRE DE CHALCEDON - Polychrome = multicolore FREEFORM taill\u00e9e \u00e0 la main - Polie de tous c\u00f4t\u00e9s. Avec surface d'appui ! ANTSIRABE - Madagascar Poids : 720 g Dimensions : 12 cm de haut x 8 x 4,5 cm<\/p>","protected":false},"featured_media":5420,"template":"","meta":{"_acf_changed":false},"region":[],"product_brand":[],"product_cat":[15],"product_tag":[],"class_list":{"0":"post-5419","1":"product","2":"type-product","3":"status-publish","4":"has-post-thumbnail","6":"product_cat-mineralien","8":"first","9":"outofstock","10":"sold-individually","11":"product-type-simple"},"acf":[],"_links":{"self":[{"href":"https:\/\/westgem.shop\/fr\/wp-json\/wp\/v2\/product\/5419","targetHints":{"allow":["GET"]}}],"collection":[{"href":"https:\/\/westgem.shop\/fr\/wp-json\/wp\/v2\/product"}],"about":[{"href":"https:\/\/westgem.shop\/fr\/wp-json\/wp\/v2\/types\/product"}],"wp:featuredmedia":[{"embeddable":true,"href":"https:\/\/westgem.shop\/fr\/wp-json\/wp\/v2\/media\/5420"}],"wp:attachment":[{"href":"https:\/\/westgem.shop\/fr\/wp-json\/wp\/v2\/media?parent=5419"}],"wp:term":[{"taxonomy":"region","embeddable":true,"href":"https:\/\/westgem.shop\/fr\/wp-json\/wp\/v2\/region?post=5419"},{"taxonomy":"product_brand","embeddable":true,"href":"https:\/\/westgem.shop\/fr\/wp-json\/wp\/v2\/product_brand?post=5419"},{"taxonomy":"product_cat","embeddable":true,"href":"https:\/\/westgem.shop\/fr\/wp-json\/wp\/v2\/product_cat?post=5419"},{"taxonomy":"product_tag","embeddable":true,"href":"https:\/\/westgem.shop\/fr\/wp-json\/wp\/v2\/product_tag?post=5419"}],"curies":[{"name":"wp","href":"https:\/\/api.w.org\/{rel}","templated":true}]}}