{"id":5423,"date":"2002-09-01T00:00:00","date_gmt":"2002-09-01T00:00:00","guid":{"rendered":"https:\/\/miners.rocks\/product\/schalenblende-bleiberg-4\/"},"modified":"2020-05-19T17:04:21","modified_gmt":"2020-05-19T17:04:21","slug":"ecran-de-coque-bleiberg-4","status":"publish","type":"product","link":"https:\/\/westgem.shop\/fr\/produit\/ecran-de-coque-bleiberg-4\/","title":{"rendered":"\u00c9CRAN DE COQUE - BLEIBERG"},"content":{"rendered":"<p>Superbe pi\u00e8ce rare du bassin minier de BLEIBERG\/KREUTH<\/p>\n<p>BALANCE = est un m\u00e9lange min\u00e9ral en couches de<\/p>\n<p>SPHALERITE = BLEU D'ETIN et WURTZIT = un BETA-SULFIDE D'ETINCE RARE, plus GALENITE = BLEIGLANC et CALCITE blanche sensationnelle \u00e0 la croissance d\u00e9sordonn\u00e9e.<\/p>\n<p>Une pi\u00e8ce de collection TOP de ce c\u00e9l\u00e8bre mineur<\/p>\n<p>Mine MAX - BLEIBERG - Carinthie<\/p>\n<p>Poids : 1,14 kilogramme Dimensions : 13 x 11 x 6 cm<\/p>","protected":false},"excerpt":{"rendered":"<p>Superbe pi\u00e8ce rare provenant du bassin minier de BLEIBERG\/KREUTH SCHALENENBLENDE = est un m\u00e9lange min\u00e9ral stratifi\u00e9 de SPHALERIT = ZINKBLENDE et WURTZIT = un rare b\u00eataZINKSULFID, avec en plus GALENIT = BLEIGLANZ et de sensationnelles CALCITES blanches \u00e0 croissance d\u00e9sordonn\u00e9e. Une pi\u00e8ce de collection TOP de cette fameuse mine MAX - BLEIBERG - Carinthie Poids : 1,14 kilogrammes Dimensions : 13 x 11 x [...].<\/p>","protected":false},"featured_media":5424,"template":"","meta":{"_acf_changed":false},"region":[],"product_brand":[],"product_cat":[15],"product_tag":[],"class_list":{"0":"post-5423","1":"product","2":"type-product","3":"status-publish","4":"has-post-thumbnail","6":"product_cat-mineralien","8":"first","9":"outofstock","10":"sold-individually","11":"product-type-simple"},"acf":[],"_links":{"self":[{"href":"https:\/\/westgem.shop\/fr\/wp-json\/wp\/v2\/product\/5423","targetHints":{"allow":["GET"]}}],"collection":[{"href":"https:\/\/westgem.shop\/fr\/wp-json\/wp\/v2\/product"}],"about":[{"href":"https:\/\/westgem.shop\/fr\/wp-json\/wp\/v2\/types\/product"}],"wp:featuredmedia":[{"embeddable":true,"href":"https:\/\/westgem.shop\/fr\/wp-json\/wp\/v2\/media\/5424"}],"wp:attachment":[{"href":"https:\/\/westgem.shop\/fr\/wp-json\/wp\/v2\/media?parent=5423"}],"wp:term":[{"taxonomy":"region","embeddable":true,"href":"https:\/\/westgem.shop\/fr\/wp-json\/wp\/v2\/region?post=5423"},{"taxonomy":"product_brand","embeddable":true,"href":"https:\/\/westgem.shop\/fr\/wp-json\/wp\/v2\/product_brand?post=5423"},{"taxonomy":"product_cat","embeddable":true,"href":"https:\/\/westgem.shop\/fr\/wp-json\/wp\/v2\/product_cat?post=5423"},{"taxonomy":"product_tag","embeddable":true,"href":"https:\/\/westgem.shop\/fr\/wp-json\/wp\/v2\/product_tag?post=5423"}],"curies":[{"name":"wp","href":"https:\/\/api.w.org\/{rel}","templated":true}]}}