{"id":5437,"date":"2002-09-04T00:00:00","date_gmt":"2002-09-04T00:00:00","guid":{"rendered":"https:\/\/miners.rocks\/product\/kanonenspat-xx-bleiberg-2\/"},"modified":"2020-05-19T17:04:23","modified_gmt":"2020-05-19T17:04:23","slug":"canon-xx-montagne-de-plomb-2","status":"publish","type":"product","link":"https:\/\/westgem.shop\/fr\/produit\/canon-xx-montagne-de-plomb-2\/","title":{"rendered":"KANONENSPAT xx - BLEIBERG"},"content":{"rendered":"<p>Niveau BLEIBERGER de premi\u00e8re classe.<\/p>\n<p>Cristaux clairs comme du verre - CALCITE var. SPATE CANON - transparent, clair, brillant - on n'a pas souvent trouv\u00e9 des CALCITES aussi belles, m\u00eame \u00e0 BLEIBERG.<\/p>\n<p>Des deux c\u00f4t\u00e9s, xx au milieu, le WETTERSTEINKALK typique de Bleiberg.<\/p>\n<p>Mine STEFANIE - BLEIBERG\/KREUTH - Carinthie<\/p>\n<p>Poids : 560 g Dimensions : 11 x 10 x 5 cm<\/p>\n<p>La photo 3 est le verso<\/p>","protected":false},"excerpt":{"rendered":"<p>Niveau BLEIBERGER de premi\u00e8re classe. Cristaux clairs comme du verre - CALCITE var. SPATE CANON - transparent, clair, brillant - on n'a pas souvent trouv\u00e9 d'aussi belles CALCITES, m\u00eame \u00e0 BLEIBERG. Des deux c\u00f4t\u00e9s, xx au milieu, le CALCAIRE WETTERSTEINK typique de Bleiberg. Mine STEFANIE - BLEIBERG\/KREUTH - Carinthie Poids : 560 g Dimensions : 11 x 10 x 5 cm La photo 3 est le verso<\/p>","protected":false},"featured_media":5438,"template":"","meta":{"_acf_changed":false},"region":[],"product_brand":[],"product_cat":[15],"product_tag":[],"class_list":{"0":"post-5437","1":"product","2":"type-product","3":"status-publish","4":"has-post-thumbnail","6":"product_cat-mineralien","8":"first","9":"outofstock","10":"sold-individually","11":"product-type-simple"},"acf":[],"_links":{"self":[{"href":"https:\/\/westgem.shop\/fr\/wp-json\/wp\/v2\/product\/5437","targetHints":{"allow":["GET"]}}],"collection":[{"href":"https:\/\/westgem.shop\/fr\/wp-json\/wp\/v2\/product"}],"about":[{"href":"https:\/\/westgem.shop\/fr\/wp-json\/wp\/v2\/types\/product"}],"wp:featuredmedia":[{"embeddable":true,"href":"https:\/\/westgem.shop\/fr\/wp-json\/wp\/v2\/media\/5438"}],"wp:attachment":[{"href":"https:\/\/westgem.shop\/fr\/wp-json\/wp\/v2\/media?parent=5437"}],"wp:term":[{"taxonomy":"region","embeddable":true,"href":"https:\/\/westgem.shop\/fr\/wp-json\/wp\/v2\/region?post=5437"},{"taxonomy":"product_brand","embeddable":true,"href":"https:\/\/westgem.shop\/fr\/wp-json\/wp\/v2\/product_brand?post=5437"},{"taxonomy":"product_cat","embeddable":true,"href":"https:\/\/westgem.shop\/fr\/wp-json\/wp\/v2\/product_cat?post=5437"},{"taxonomy":"product_tag","embeddable":true,"href":"https:\/\/westgem.shop\/fr\/wp-json\/wp\/v2\/product_tag?post=5437"}],"curies":[{"name":"wp","href":"https:\/\/api.w.org\/{rel}","templated":true}]}}