{"id":544,"date":"2000-03-03T00:00:00","date_gmt":"2000-03-03T00:00:00","guid":{"rendered":"https:\/\/miners.rocks\/product\/98\/"},"modified":"2020-05-19T16:55:41","modified_gmt":"2020-05-19T16:55:41","slug":"pierre-brute-de-lapis-lazuli","status":"publish","type":"product","link":"https:\/\/westgem.shop\/fr\/produit\/pierre-brute-de-lapis-lazuli\/","title":{"rendered":"Lapis-lazuli - pierre brute"},"content":{"rendered":"<p>Cette pi\u00e8ce brute provient d'un lot qui a \u00e9t\u00e9 amen\u00e9 en Union sovi\u00e9tique lors de l'occupation russe de l'Afghanistan et qui n'a \u00e9t\u00e9 vendu en Europe que bien des ann\u00e9es plus tard.<\/p>\n<p>Belle pyrite \u00e9galement dans la veine de calcite blanche.<\/p>\n<p>Poids : 1.20 kg Dimensions : 11 x 10 x 5 cm<\/p>","protected":false},"excerpt":{"rendered":"<p>Cette pi\u00e8ce brute provient d'un lot qui a \u00e9t\u00e9 amen\u00e9 en Union sovi\u00e9tique lors de l'occupation russe de l'Afghanistan et qui n'a \u00e9t\u00e9 vendu en Europe que bien des ann\u00e9es plus tard. Belle pyrite \u00e9galement dans la veine de calcite blanche. Poids : 1.20 kg Dimensions : 11 x 10 x 5 cm<\/p>","protected":false},"featured_media":545,"template":"","meta":{"_acf_changed":false},"region":[],"product_brand":[],"product_cat":[15],"product_tag":[],"class_list":{"0":"post-544","1":"product","2":"type-product","3":"status-publish","4":"has-post-thumbnail","6":"product_cat-mineralien","8":"first","9":"outofstock","10":"sold-individually","11":"product-type-simple"},"acf":[],"_links":{"self":[{"href":"https:\/\/westgem.shop\/fr\/wp-json\/wp\/v2\/product\/544","targetHints":{"allow":["GET"]}}],"collection":[{"href":"https:\/\/westgem.shop\/fr\/wp-json\/wp\/v2\/product"}],"about":[{"href":"https:\/\/westgem.shop\/fr\/wp-json\/wp\/v2\/types\/product"}],"wp:featuredmedia":[{"embeddable":true,"href":"https:\/\/westgem.shop\/fr\/wp-json\/wp\/v2\/media\/545"}],"wp:attachment":[{"href":"https:\/\/westgem.shop\/fr\/wp-json\/wp\/v2\/media?parent=544"}],"wp:term":[{"taxonomy":"region","embeddable":true,"href":"https:\/\/westgem.shop\/fr\/wp-json\/wp\/v2\/region?post=544"},{"taxonomy":"product_brand","embeddable":true,"href":"https:\/\/westgem.shop\/fr\/wp-json\/wp\/v2\/product_brand?post=544"},{"taxonomy":"product_cat","embeddable":true,"href":"https:\/\/westgem.shop\/fr\/wp-json\/wp\/v2\/product_cat?post=544"},{"taxonomy":"product_tag","embeddable":true,"href":"https:\/\/westgem.shop\/fr\/wp-json\/wp\/v2\/product_tag?post=544"}],"curies":[{"name":"wp","href":"https:\/\/api.w.org\/{rel}","templated":true}]}}