{"id":5441,"date":"2002-09-05T00:00:00","date_gmt":"2002-09-05T00:00:00","guid":{"rendered":"https:\/\/miners.rocks\/product\/sugilith-wessels-mine\/"},"modified":"2020-05-19T17:04:23","modified_gmt":"2020-05-19T17:04:23","slug":"sugilith-wessels-mine","status":"publish","type":"product","link":"https:\/\/westgem.shop\/fr\/produit\/sugilith-wessels-mine\/","title":{"rendered":"SUGILITH - WESSELS MINE"},"content":{"rendered":"<p>SUGILITH en MANGANERZ noir.<\/p>\n<p>Belle, couleur mangenta intense. SUGILITH , sp\u00e9cialement chez les \u00e9sot\u00e9ristes, un min\u00e9ral particulier auquel on attribue des \"propri\u00e9t\u00e9s\" particuli\u00e8res.<\/p>\n<p>La premi\u00e8re d\u00e9couverte a eu lieu en 1944 dans la r\u00e9gion du Fujijama au JAPON. Aujourd'hui, ce min\u00e9ral se trouve principalement dans la mine WESSELS \u00e0 KURUMAN, au sud de l'AFRIQUE.<\/p>\n<p>Belle pi\u00e8ce brute - 3 c\u00f4t\u00e9s de coupe<\/p>\n<p>Poids : 100 g Dimensions : 5,5 x 4 x 3 cm<\/p>\n<p>Les SUGILITHE sont malheureusement relativement ch\u00e8res, car la mine de Wessels est aujourd'hui pratiquement le seul site de d\u00e9couverte et pratique donc des prix tr\u00e8s exclusifs. Une mati\u00e8re premi\u00e8re de qualit\u00e9 moyenne co\u00fbte 2.000 dollars le kilo !<\/p>\n<p>Cette pi\u00e8ce au PRIX SPECIAL EN LIGNE !<\/p>","protected":false},"excerpt":{"rendered":"<p>SUGILITH en MANGANERZ noir. Belle couleur mangenta intense. La SUGILITH est un min\u00e9ral particulier, notamment pour les \u00e9sot\u00e9ristes, qui lui attribuent des \"propri\u00e9t\u00e9s\" particuli\u00e8res. Il a \u00e9t\u00e9 d\u00e9couvert pour la premi\u00e8re fois en 1944 dans la r\u00e9gion du Fujijama au JAPON. Aujourd'hui, ce min\u00e9ral se trouve principalement dans la mine WESSELS \u00e0 KURUMAN, au sud de l'Afrique. Belle pi\u00e8ce brute - 3 faces de coupe lat\u00e9rales Poids : 100 g Dimensions : [...]<\/p>","protected":false},"featured_media":5442,"template":"","meta":{"_acf_changed":false},"region":[],"product_brand":[],"product_cat":[15],"product_tag":[],"class_list":{"0":"post-5441","1":"product","2":"type-product","3":"status-publish","4":"has-post-thumbnail","6":"product_cat-mineralien","8":"first","9":"outofstock","10":"sold-individually","11":"product-type-simple"},"acf":[],"_links":{"self":[{"href":"https:\/\/westgem.shop\/fr\/wp-json\/wp\/v2\/product\/5441","targetHints":{"allow":["GET"]}}],"collection":[{"href":"https:\/\/westgem.shop\/fr\/wp-json\/wp\/v2\/product"}],"about":[{"href":"https:\/\/westgem.shop\/fr\/wp-json\/wp\/v2\/types\/product"}],"wp:featuredmedia":[{"embeddable":true,"href":"https:\/\/westgem.shop\/fr\/wp-json\/wp\/v2\/media\/5442"}],"wp:attachment":[{"href":"https:\/\/westgem.shop\/fr\/wp-json\/wp\/v2\/media?parent=5441"}],"wp:term":[{"taxonomy":"region","embeddable":true,"href":"https:\/\/westgem.shop\/fr\/wp-json\/wp\/v2\/region?post=5441"},{"taxonomy":"product_brand","embeddable":true,"href":"https:\/\/westgem.shop\/fr\/wp-json\/wp\/v2\/product_brand?post=5441"},{"taxonomy":"product_cat","embeddable":true,"href":"https:\/\/westgem.shop\/fr\/wp-json\/wp\/v2\/product_cat?post=5441"},{"taxonomy":"product_tag","embeddable":true,"href":"https:\/\/westgem.shop\/fr\/wp-json\/wp\/v2\/product_tag?post=5441"}],"curies":[{"name":"wp","href":"https:\/\/api.w.org\/{rel}","templated":true}]}}