{"id":5447,"date":"2002-09-06T00:00:00","date_gmt":"2002-09-06T00:00:00","guid":{"rendered":"https:\/\/miners.rocks\/product\/bergkristall-mit-chlorit-xx-kaernten\/"},"modified":"2020-05-19T17:04:24","modified_gmt":"2020-05-19T17:04:24","slug":"cristal-de-roche-avec-chlorite-xx-kaernten","status":"publish","type":"product","link":"https:\/\/westgem.shop\/fr\/produit\/cristal-de-roche-avec-chlorite-xx-kaernten\/","title":{"rendered":"CRISTAL DE MONTAGNE avec CHLORITE xx - Carinthie"},"content":{"rendered":"<p>CRISTAL DE MONTAGNE individuel, clair et transparent - typique des min\u00e9raux de fissures ALPINE, saupoudr\u00e9 de CHLORITE verte. En r\u00e8gle g\u00e9n\u00e9rale, cela est ensuite \u00e9limin\u00e9 par attaque \u00e0 l'acide chlorhydrique - nous laissons celui-ci tel qu'il vient d'\u00eatre trouv\u00e9 !<\/p>\n<p>Du SCHOBER EISIG (2.976m) GROUPE ANKOGEL - HAUTES TAURES<\/p>\n<p>Carinthie<\/p>\n<p>Poids : 260 g Dimensions : 10 x 5 x 4 cm<\/p>\n<p>2 photos avec le soleil en arri\u00e8re-plan, la derni\u00e8re photo est la face inf\u00e9rieure.<\/p>","protected":false},"excerpt":{"rendered":"<p>CRISTAL DE MONTAGNE individuel, clair et transparent - typique des min\u00e9raux de fissures ALPINE, saupoudr\u00e9 de CHLORITE verte. En r\u00e8gle g\u00e9n\u00e9rale, cela est ensuite \u00e9limin\u00e9 par attaque \u00e0 l'acide chlorhydrique - nous laissons celui-ci tel qu'il a \u00e9t\u00e9 trouv\u00e9 ! Du SCHOBER EISIG (2.976m) ANKOGEL GRUPPE - HOHE TAUERN Carinthie Poids : 260 g Dimensions : 10 x 5 x 4 cm 2 photos avec fond de lumi\u00e8re du soleil, le [...].<\/p>","protected":false},"featured_media":5448,"template":"","meta":{"_acf_changed":false},"region":[],"product_brand":[],"product_cat":[15],"product_tag":[],"class_list":{"0":"post-5447","1":"product","2":"type-product","3":"status-publish","4":"has-post-thumbnail","6":"product_cat-mineralien","8":"first","9":"outofstock","10":"sold-individually","11":"product-type-simple"},"acf":[],"_links":{"self":[{"href":"https:\/\/westgem.shop\/fr\/wp-json\/wp\/v2\/product\/5447","targetHints":{"allow":["GET"]}}],"collection":[{"href":"https:\/\/westgem.shop\/fr\/wp-json\/wp\/v2\/product"}],"about":[{"href":"https:\/\/westgem.shop\/fr\/wp-json\/wp\/v2\/types\/product"}],"wp:featuredmedia":[{"embeddable":true,"href":"https:\/\/westgem.shop\/fr\/wp-json\/wp\/v2\/media\/5448"}],"wp:attachment":[{"href":"https:\/\/westgem.shop\/fr\/wp-json\/wp\/v2\/media?parent=5447"}],"wp:term":[{"taxonomy":"region","embeddable":true,"href":"https:\/\/westgem.shop\/fr\/wp-json\/wp\/v2\/region?post=5447"},{"taxonomy":"product_brand","embeddable":true,"href":"https:\/\/westgem.shop\/fr\/wp-json\/wp\/v2\/product_brand?post=5447"},{"taxonomy":"product_cat","embeddable":true,"href":"https:\/\/westgem.shop\/fr\/wp-json\/wp\/v2\/product_cat?post=5447"},{"taxonomy":"product_tag","embeddable":true,"href":"https:\/\/westgem.shop\/fr\/wp-json\/wp\/v2\/product_tag?post=5447"}],"curies":[{"name":"wp","href":"https:\/\/api.w.org\/{rel}","templated":true}]}}